{"id":9898,"date":"2026-03-08T13:42:23","date_gmt":"2026-03-08T13:42:23","guid":{"rendered":"https:\/\/limunstudio.hr\/?post_type=product&#038;p=9898"},"modified":"2026-04-21T12:57:38","modified_gmt":"2026-04-21T12:57:38","slug":"vaza-ifka","status":"publish","type":"product","link":"https:\/\/limunstudio.hr\/en\/product\/vaza-ifka\/","title":{"rendered":"Vaza \u2014 Ifka"},"content":{"rendered":"","protected":false},"excerpt":{"rendered":"<p>Ova kerami\u010dka vaza izra\u0111ena je ru\u010dno u Hrvatskoj, a svaka vaza jeunikat \u2013 nema dvije potpuno iste. Prosje\u010dna visina vaze je 20cm.<\/p>\n<p>&nbsp;<\/p>","protected":false},"featured_media":9819,"template":"","meta":{"_seopress_robots_primary_cat":"none","_seopress_titles_title":"","_seopress_titles_desc":"","_seopress_robots_index":"","iawp_total_views":0},"product_brand":[356],"product_cat":[148,172],"product_tag":[],"class_list":{"0":"post-9898","1":"product","2":"type-product","3":"status-publish","4":"has-post-thumbnail","6":"product_brand-ifka-pivka","7":"product_cat-dom","8":"product_cat-vaze","10":"first","11":"instock","12":"taxable","13":"shipping-taxable","14":"purchasable","15":"product-type-variable"},"_links":{"self":[{"href":"https:\/\/limunstudio.hr\/en\/wp-json\/wp\/v2\/product\/9898","targetHints":{"allow":["GET"]}}],"collection":[{"href":"https:\/\/limunstudio.hr\/en\/wp-json\/wp\/v2\/product"}],"about":[{"href":"https:\/\/limunstudio.hr\/en\/wp-json\/wp\/v2\/types\/product"}],"version-history":[{"count":5,"href":"https:\/\/limunstudio.hr\/en\/wp-json\/wp\/v2\/product\/9898\/revisions"}],"predecessor-version":[{"id":12661,"href":"https:\/\/limunstudio.hr\/en\/wp-json\/wp\/v2\/product\/9898\/revisions\/12661"}],"wp:featuredmedia":[{"embeddable":true,"href":"https:\/\/limunstudio.hr\/en\/wp-json\/wp\/v2\/media\/9819"}],"wp:attachment":[{"href":"https:\/\/limunstudio.hr\/en\/wp-json\/wp\/v2\/media?parent=9898"}],"wp:term":[{"taxonomy":"product_brand","embeddable":true,"href":"https:\/\/limunstudio.hr\/en\/wp-json\/wp\/v2\/product_brand?post=9898"},{"taxonomy":"product_cat","embeddable":true,"href":"https:\/\/limunstudio.hr\/en\/wp-json\/wp\/v2\/product_cat?post=9898"},{"taxonomy":"product_tag","embeddable":true,"href":"https:\/\/limunstudio.hr\/en\/wp-json\/wp\/v2\/product_tag?post=9898"}],"curies":[{"name":"wp","href":"https:\/\/api.w.org\/{rel}","templated":true}]}}