{"id":9881,"date":"2026-03-08T13:23:22","date_gmt":"2026-03-08T13:23:22","guid":{"rendered":"https:\/\/limunstudio.hr\/?post_type=product&#038;p=9881"},"modified":"2026-04-21T09:33:14","modified_gmt":"2026-04-21T09:33:14","slug":"tanjur-riba","status":"publish","type":"product","link":"https:\/\/limunstudio.hr\/en\/product\/tanjur-riba\/","title":{"rendered":"Tanjur \u2014 Riba"},"content":{"rendered":"","protected":false},"excerpt":{"rendered":"<p>Kerami\u010dki riba tanjur za poslu\u017eivanje hrane. Dostupan u dvije veli\u010dine, 29 i 42 cm. Tanjur se mo\u017ee prati u perilici posu\u0111a.<\/p>","protected":false},"featured_media":9850,"template":"","meta":{"_seopress_robots_primary_cat":"none","_seopress_titles_title":"","_seopress_titles_desc":"","_seopress_robots_index":"","iawp_total_views":0},"product_brand":[346],"product_cat":[148,155,160],"product_tag":[],"class_list":{"0":"post-9881","1":"product","2":"type-product","3":"status-publish","4":"has-post-thumbnail","6":"product_brand-sestre","7":"product_cat-dom","8":"product_cat-kuhinja","9":"product_cat-t","11":"first","12":"instock","13":"taxable","14":"shipping-taxable","15":"purchasable","16":"product-type-variable"},"_links":{"self":[{"href":"https:\/\/limunstudio.hr\/en\/wp-json\/wp\/v2\/product\/9881","targetHints":{"allow":["GET"]}}],"collection":[{"href":"https:\/\/limunstudio.hr\/en\/wp-json\/wp\/v2\/product"}],"about":[{"href":"https:\/\/limunstudio.hr\/en\/wp-json\/wp\/v2\/types\/product"}],"version-history":[{"count":3,"href":"https:\/\/limunstudio.hr\/en\/wp-json\/wp\/v2\/product\/9881\/revisions"}],"predecessor-version":[{"id":13225,"href":"https:\/\/limunstudio.hr\/en\/wp-json\/wp\/v2\/product\/9881\/revisions\/13225"}],"wp:featuredmedia":[{"embeddable":true,"href":"https:\/\/limunstudio.hr\/en\/wp-json\/wp\/v2\/media\/9850"}],"wp:attachment":[{"href":"https:\/\/limunstudio.hr\/en\/wp-json\/wp\/v2\/media?parent=9881"}],"wp:term":[{"taxonomy":"product_brand","embeddable":true,"href":"https:\/\/limunstudio.hr\/en\/wp-json\/wp\/v2\/product_brand?post=9881"},{"taxonomy":"product_cat","embeddable":true,"href":"https:\/\/limunstudio.hr\/en\/wp-json\/wp\/v2\/product_cat?post=9881"},{"taxonomy":"product_tag","embeddable":true,"href":"https:\/\/limunstudio.hr\/en\/wp-json\/wp\/v2\/product_tag?post=9881"}],"curies":[{"name":"wp","href":"https:\/\/api.w.org\/{rel}","templated":true}]}}