{"id":9650,"date":"2026-03-07T10:55:31","date_gmt":"2026-03-07T10:55:31","guid":{"rendered":"https:\/\/limunstudio.hr\/?post_type=product&#038;p=9650"},"modified":"2026-03-28T15:17:13","modified_gmt":"2026-03-28T15:17:13","slug":"dozer-za-caj-salica","status":"publish","type":"product","link":"https:\/\/limunstudio.hr\/en\/product\/dozer-za-caj-salica\/","title":{"rendered":"Dozer za \u010daj \u2014 \u0160alica"},"content":{"rendered":"","protected":false},"excerpt":{"rendered":"<p class=\"isSelectedEnd\">Cjedilo za \u010daj dolazi s malim kerami\u010dkim privjeskom veli\u010dine pribli\u017eno 2\u20133 cm. Svaki privjesak je ru\u010dni rad.<br \/>\n<strong>Napomena: <\/strong>Zbog procesa ru\u010dne izrade mogu\u0107a su manja odstupanja u obliku, boji ili detaljima u odnosu na prikazanu fotografiju. U slu\u010daju ve\u0107ih razlika kontaktirat \u0107emo vas za dogovor oko odabira boja.<\/p>","protected":false},"featured_media":9613,"template":"","meta":{"_seopress_robots_primary_cat":"none","_seopress_titles_title":"","_seopress_titles_desc":"","_seopress_robots_index":"","iawp_total_views":0},"product_brand":[340],"product_cat":[169,148,155],"product_tag":[],"class_list":{"0":"post-9650","1":"product","2":"type-product","3":"status-publish","4":"has-post-thumbnail","6":"product_brand-editammyh","7":"product_cat-cjedila","8":"product_cat-dom","9":"product_cat-kuhinja","11":"first","12":"instock","13":"taxable","14":"shipping-taxable","15":"purchasable","16":"product-type-simple"},"_links":{"self":[{"href":"https:\/\/limunstudio.hr\/en\/wp-json\/wp\/v2\/product\/9650","targetHints":{"allow":["GET"]}}],"collection":[{"href":"https:\/\/limunstudio.hr\/en\/wp-json\/wp\/v2\/product"}],"about":[{"href":"https:\/\/limunstudio.hr\/en\/wp-json\/wp\/v2\/types\/product"}],"version-history":[{"count":3,"href":"https:\/\/limunstudio.hr\/en\/wp-json\/wp\/v2\/product\/9650\/revisions"}],"predecessor-version":[{"id":12754,"href":"https:\/\/limunstudio.hr\/en\/wp-json\/wp\/v2\/product\/9650\/revisions\/12754"}],"wp:featuredmedia":[{"embeddable":true,"href":"https:\/\/limunstudio.hr\/en\/wp-json\/wp\/v2\/media\/9613"}],"wp:attachment":[{"href":"https:\/\/limunstudio.hr\/en\/wp-json\/wp\/v2\/media?parent=9650"}],"wp:term":[{"taxonomy":"product_brand","embeddable":true,"href":"https:\/\/limunstudio.hr\/en\/wp-json\/wp\/v2\/product_brand?post=9650"},{"taxonomy":"product_cat","embeddable":true,"href":"https:\/\/limunstudio.hr\/en\/wp-json\/wp\/v2\/product_cat?post=9650"},{"taxonomy":"product_tag","embeddable":true,"href":"https:\/\/limunstudio.hr\/en\/wp-json\/wp\/v2\/product_tag?post=9650"}],"curies":[{"name":"wp","href":"https:\/\/api.w.org\/{rel}","templated":true}]}}