{"id":9531,"date":"2026-03-04T10:06:09","date_gmt":"2026-03-04T10:06:09","guid":{"rendered":"https:\/\/limunstudio.hr\/?post_type=product&#038;p=9531"},"modified":"2026-04-08T07:43:50","modified_gmt":"2026-04-08T07:43:50","slug":"naljepnica-bozicna","status":"publish","type":"product","link":"https:\/\/limunstudio.hr\/en\/product\/naljepnica-bozicna\/","title":{"rendered":"Naljepnica \u2014 Bo\u017ei\u0107na"},"content":{"rendered":"","protected":false},"excerpt":{"rendered":"<p>Naljepnice dolaze u jednoj dimenziji i izra\u0111ene su u Hrvatskoj. Jednostavno se lijepe i mogu se ukloniti bez o\u0161te\u0107enja povr\u0161ine. Idealne su za personalizaciju svakodnevnih predmeta ili kao mali poklon za ljubitelje zanimljivih dizajna.<\/p>","protected":false},"featured_media":9533,"template":"","meta":{"_seopress_robots_primary_cat":"none","_seopress_titles_title":"","_seopress_titles_desc":"","_seopress_robots_index":"","iawp_total_views":1},"product_brand":[73],"product_cat":[212,215,196,149,193],"product_tag":[],"class_list":{"0":"post-9531","1":"product","2":"type-product","3":"status-publish","4":"has-post-thumbnail","6":"product_brand-mmyh","7":"product_cat-bozic","8":"product_cat-bozicne-cestitke","9":"product_cat-naljepnice","10":"product_cat-papir","11":"product_cat-papirnica","13":"first","14":"instock","15":"taxable","16":"shipping-taxable","17":"purchasable","18":"product-type-simple"},"_links":{"self":[{"href":"https:\/\/limunstudio.hr\/en\/wp-json\/wp\/v2\/product\/9531","targetHints":{"allow":["GET"]}}],"collection":[{"href":"https:\/\/limunstudio.hr\/en\/wp-json\/wp\/v2\/product"}],"about":[{"href":"https:\/\/limunstudio.hr\/en\/wp-json\/wp\/v2\/types\/product"}],"version-history":[{"count":2,"href":"https:\/\/limunstudio.hr\/en\/wp-json\/wp\/v2\/product\/9531\/revisions"}],"predecessor-version":[{"id":10181,"href":"https:\/\/limunstudio.hr\/en\/wp-json\/wp\/v2\/product\/9531\/revisions\/10181"}],"wp:featuredmedia":[{"embeddable":true,"href":"https:\/\/limunstudio.hr\/en\/wp-json\/wp\/v2\/media\/9533"}],"wp:attachment":[{"href":"https:\/\/limunstudio.hr\/en\/wp-json\/wp\/v2\/media?parent=9531"}],"wp:term":[{"taxonomy":"product_brand","embeddable":true,"href":"https:\/\/limunstudio.hr\/en\/wp-json\/wp\/v2\/product_brand?post=9531"},{"taxonomy":"product_cat","embeddable":true,"href":"https:\/\/limunstudio.hr\/en\/wp-json\/wp\/v2\/product_cat?post=9531"},{"taxonomy":"product_tag","embeddable":true,"href":"https:\/\/limunstudio.hr\/en\/wp-json\/wp\/v2\/product_tag?post=9531"}],"curies":[{"name":"wp","href":"https:\/\/api.w.org\/{rel}","templated":true}]}}