{"id":9474,"date":"2026-03-03T22:44:37","date_gmt":"2026-03-03T22:44:37","guid":{"rendered":"https:\/\/limunstudio.hr\/?post_type=product&#038;p=9474"},"modified":"2026-04-08T10:08:08","modified_gmt":"2026-04-08T10:08:08","slug":"akrilni-pin-gradska-straza-zadar","status":"publish","type":"product","link":"https:\/\/limunstudio.hr\/en\/product\/akrilni-pin-gradska-straza-zadar\/","title":{"rendered":"Akrilni pin \u2014 Gradska stra\u017ea Zadar"},"content":{"rendered":"","protected":false},"excerpt":{"rendered":"<p class=\"isSelectedEnd\">Akrilni pin jednostavno se pri\u010dvr\u0161\u0107uje na majice, kape, torbe ili ruksake te unosi mali, ali upe\u010datljiv detalj u svakodnevni stil. Dimenzije pina su 3x2cm.<\/p>","protected":false},"featured_media":9437,"template":"","meta":{"_seopress_robots_primary_cat":"none","_seopress_titles_title":"","_seopress_titles_desc":"","_seopress_robots_index":"","iawp_total_views":1},"product_brand":[73],"product_cat":[136,131,127],"product_tag":[],"class_list":{"0":"post-9474","1":"product","2":"type-product","3":"status-publish","4":"has-post-thumbnail","6":"product_brand-mmyh","7":"product_cat-brosevi","8":"product_cat-dodaci","9":"product_cat-moda","11":"first","12":"instock","13":"taxable","14":"shipping-taxable","15":"purchasable","16":"product-type-simple"},"_links":{"self":[{"href":"https:\/\/limunstudio.hr\/en\/wp-json\/wp\/v2\/product\/9474","targetHints":{"allow":["GET"]}}],"collection":[{"href":"https:\/\/limunstudio.hr\/en\/wp-json\/wp\/v2\/product"}],"about":[{"href":"https:\/\/limunstudio.hr\/en\/wp-json\/wp\/v2\/types\/product"}],"version-history":[{"count":3,"href":"https:\/\/limunstudio.hr\/en\/wp-json\/wp\/v2\/product\/9474\/revisions"}],"predecessor-version":[{"id":10131,"href":"https:\/\/limunstudio.hr\/en\/wp-json\/wp\/v2\/product\/9474\/revisions\/10131"}],"wp:featuredmedia":[{"embeddable":true,"href":"https:\/\/limunstudio.hr\/en\/wp-json\/wp\/v2\/media\/9437"}],"wp:attachment":[{"href":"https:\/\/limunstudio.hr\/en\/wp-json\/wp\/v2\/media?parent=9474"}],"wp:term":[{"taxonomy":"product_brand","embeddable":true,"href":"https:\/\/limunstudio.hr\/en\/wp-json\/wp\/v2\/product_brand?post=9474"},{"taxonomy":"product_cat","embeddable":true,"href":"https:\/\/limunstudio.hr\/en\/wp-json\/wp\/v2\/product_cat?post=9474"},{"taxonomy":"product_tag","embeddable":true,"href":"https:\/\/limunstudio.hr\/en\/wp-json\/wp\/v2\/product_tag?post=9474"}],"curies":[{"name":"wp","href":"https:\/\/api.w.org\/{rel}","templated":true}]}}