{"id":9472,"date":"2026-03-03T22:43:59","date_gmt":"2026-03-03T22:43:59","guid":{"rendered":"https:\/\/limunstudio.hr\/?post_type=product&#038;p=9472"},"modified":"2026-04-08T10:08:03","modified_gmt":"2026-04-08T10:08:03","slug":"akrilni-pin-forum-zadar","status":"publish","type":"product","link":"https:\/\/limunstudio.hr\/en\/product\/akrilni-pin-forum-zadar\/","title":{"rendered":"Akrilni pin \u2014 Forum Zadar"},"content":{"rendered":"","protected":false},"excerpt":{"rendered":"<p class=\"isSelectedEnd\">Akrilni pin jednostavno se pri\u010dvr\u0161\u0107uje na majice, kape, torbe ili ruksake te unosi mali, ali upe\u010datljiv detalj u svakodnevni stil. Dimenzije pina su 3&#215;2,5cm.<\/p>","protected":false},"featured_media":9434,"template":"","meta":{"_seopress_robots_primary_cat":"none","_seopress_titles_title":"","_seopress_titles_desc":"","_seopress_robots_index":"","iawp_total_views":1},"product_brand":[73],"product_cat":[136,131,127],"product_tag":[],"class_list":{"0":"post-9472","1":"product","2":"type-product","3":"status-publish","4":"has-post-thumbnail","6":"product_brand-mmyh","7":"product_cat-brosevi","8":"product_cat-dodaci","9":"product_cat-moda","10":"pa_kolekcija-zadar-line","12":"first","13":"instock","14":"taxable","15":"shipping-taxable","16":"purchasable","17":"product-type-simple"},"_links":{"self":[{"href":"https:\/\/limunstudio.hr\/en\/wp-json\/wp\/v2\/product\/9472","targetHints":{"allow":["GET"]}}],"collection":[{"href":"https:\/\/limunstudio.hr\/en\/wp-json\/wp\/v2\/product"}],"about":[{"href":"https:\/\/limunstudio.hr\/en\/wp-json\/wp\/v2\/types\/product"}],"version-history":[{"count":3,"href":"https:\/\/limunstudio.hr\/en\/wp-json\/wp\/v2\/product\/9472\/revisions"}],"predecessor-version":[{"id":10132,"href":"https:\/\/limunstudio.hr\/en\/wp-json\/wp\/v2\/product\/9472\/revisions\/10132"}],"wp:featuredmedia":[{"embeddable":true,"href":"https:\/\/limunstudio.hr\/en\/wp-json\/wp\/v2\/media\/9434"}],"wp:attachment":[{"href":"https:\/\/limunstudio.hr\/en\/wp-json\/wp\/v2\/media?parent=9472"}],"wp:term":[{"taxonomy":"product_brand","embeddable":true,"href":"https:\/\/limunstudio.hr\/en\/wp-json\/wp\/v2\/product_brand?post=9472"},{"taxonomy":"product_cat","embeddable":true,"href":"https:\/\/limunstudio.hr\/en\/wp-json\/wp\/v2\/product_cat?post=9472"},{"taxonomy":"product_tag","embeddable":true,"href":"https:\/\/limunstudio.hr\/en\/wp-json\/wp\/v2\/product_tag?post=9472"}],"curies":[{"name":"wp","href":"https:\/\/api.w.org\/{rel}","templated":true}]}}