{"id":9363,"date":"2026-03-02T18:00:16","date_gmt":"2026-03-02T18:00:16","guid":{"rendered":"https:\/\/limunstudio.hr\/?post_type=product&#038;p=9363"},"modified":"2026-04-09T08:07:36","modified_gmt":"2026-04-09T08:07:36","slug":"biljeznica-a5-kalelarga-zadar","status":"publish","type":"product","link":"https:\/\/limunstudio.hr\/en\/product\/biljeznica-a5-kalelarga-zadar\/","title":{"rendered":"Bilje\u017enica A5 &#8211; Kalelarga Zadar"},"content":{"rendered":"","protected":false},"excerpt":{"rendered":"<p>A5 bilje\u017enica s praznim listovima, 50-ak stranica i mat koricama. Dizajnirana u sklopu na\u0161e autenti\u010dne ZadarLine kolekcije.<\/p>","protected":false},"featured_media":9464,"template":"","meta":{"_seopress_robots_primary_cat":"none","_seopress_titles_title":"","_seopress_titles_desc":"","_seopress_robots_index":"","iawp_total_views":2},"product_brand":[342],"product_cat":[194,149,193],"product_tag":[],"class_list":{"0":"post-9363","1":"product","2":"type-product","3":"status-publish","4":"has-post-thumbnail","6":"product_brand-limun-design","7":"product_cat-biljeznice","8":"product_cat-papir","9":"product_cat-papirnica","10":"pa_kolekcija-zadar-line","12":"first","13":"instock","14":"featured","15":"taxable","16":"shipping-taxable","17":"purchasable","18":"product-type-simple"},"_links":{"self":[{"href":"https:\/\/limunstudio.hr\/en\/wp-json\/wp\/v2\/product\/9363","targetHints":{"allow":["GET"]}}],"collection":[{"href":"https:\/\/limunstudio.hr\/en\/wp-json\/wp\/v2\/product"}],"about":[{"href":"https:\/\/limunstudio.hr\/en\/wp-json\/wp\/v2\/types\/product"}],"version-history":[{"count":2,"href":"https:\/\/limunstudio.hr\/en\/wp-json\/wp\/v2\/product\/9363\/revisions"}],"predecessor-version":[{"id":10146,"href":"https:\/\/limunstudio.hr\/en\/wp-json\/wp\/v2\/product\/9363\/revisions\/10146"}],"wp:featuredmedia":[{"embeddable":true,"href":"https:\/\/limunstudio.hr\/en\/wp-json\/wp\/v2\/media\/9464"}],"wp:attachment":[{"href":"https:\/\/limunstudio.hr\/en\/wp-json\/wp\/v2\/media?parent=9363"}],"wp:term":[{"taxonomy":"product_brand","embeddable":true,"href":"https:\/\/limunstudio.hr\/en\/wp-json\/wp\/v2\/product_brand?post=9363"},{"taxonomy":"product_cat","embeddable":true,"href":"https:\/\/limunstudio.hr\/en\/wp-json\/wp\/v2\/product_cat?post=9363"},{"taxonomy":"product_tag","embeddable":true,"href":"https:\/\/limunstudio.hr\/en\/wp-json\/wp\/v2\/product_tag?post=9363"}],"curies":[{"name":"wp","href":"https:\/\/api.w.org\/{rel}","templated":true}]}}