{"id":9361,"date":"2026-03-02T17:59:59","date_gmt":"2026-03-02T17:59:59","guid":{"rendered":"https:\/\/limunstudio.hr\/?post_type=product&#038;p=9361"},"modified":"2026-04-09T08:07:54","modified_gmt":"2026-04-09T08:07:54","slug":"biljeznica-a5-peglica-zadar","status":"publish","type":"product","link":"https:\/\/limunstudio.hr\/en\/product\/biljeznica-a5-peglica-zadar\/","title":{"rendered":"Bilje\u017enica A5 &#8211; Peglica Zadar"},"content":{"rendered":"","protected":false},"excerpt":{"rendered":"<p>A5 bilje\u017enica s praznim listovima, 50-ak stranica i mat koricama. Dizajnirana u sklopu na\u0161e autenti\u010dne ZadarLine kolekcije.<\/p>","protected":false},"featured_media":9466,"template":"","meta":{"_seopress_robots_primary_cat":"none","_seopress_titles_title":"","_seopress_titles_desc":"","_seopress_robots_index":"","iawp_total_views":2},"product_brand":[342],"product_cat":[194,149],"product_tag":[],"class_list":{"0":"post-9361","1":"product","2":"type-product","3":"status-publish","4":"has-post-thumbnail","6":"product_brand-limun-design","7":"product_cat-biljeznice","8":"product_cat-papir","9":"pa_kolekcija-zadar-line","11":"first","12":"instock","13":"taxable","14":"shipping-taxable","15":"purchasable","16":"product-type-simple"},"_links":{"self":[{"href":"https:\/\/limunstudio.hr\/en\/wp-json\/wp\/v2\/product\/9361","targetHints":{"allow":["GET"]}}],"collection":[{"href":"https:\/\/limunstudio.hr\/en\/wp-json\/wp\/v2\/product"}],"about":[{"href":"https:\/\/limunstudio.hr\/en\/wp-json\/wp\/v2\/types\/product"}],"version-history":[{"count":2,"href":"https:\/\/limunstudio.hr\/en\/wp-json\/wp\/v2\/product\/9361\/revisions"}],"predecessor-version":[{"id":10147,"href":"https:\/\/limunstudio.hr\/en\/wp-json\/wp\/v2\/product\/9361\/revisions\/10147"}],"wp:featuredmedia":[{"embeddable":true,"href":"https:\/\/limunstudio.hr\/en\/wp-json\/wp\/v2\/media\/9466"}],"wp:attachment":[{"href":"https:\/\/limunstudio.hr\/en\/wp-json\/wp\/v2\/media?parent=9361"}],"wp:term":[{"taxonomy":"product_brand","embeddable":true,"href":"https:\/\/limunstudio.hr\/en\/wp-json\/wp\/v2\/product_brand?post=9361"},{"taxonomy":"product_cat","embeddable":true,"href":"https:\/\/limunstudio.hr\/en\/wp-json\/wp\/v2\/product_cat?post=9361"},{"taxonomy":"product_tag","embeddable":true,"href":"https:\/\/limunstudio.hr\/en\/wp-json\/wp\/v2\/product_tag?post=9361"}],"curies":[{"name":"wp","href":"https:\/\/api.w.org\/{rel}","templated":true}]}}