{"id":9251,"date":"2026-03-02T10:30:19","date_gmt":"2026-03-02T10:30:19","guid":{"rendered":"https:\/\/limunstudio.hr\/?post_type=product&#038;p=9251"},"modified":"2026-04-22T08:47:04","modified_gmt":"2026-04-22T08:47:04","slug":"dozer-za-caj-licitarsko-srce","status":"publish","type":"product","link":"https:\/\/limunstudio.hr\/en\/product\/dozer-za-caj-licitarsko-srce\/","title":{"rendered":"Tea strainer \u2014 Gingerbread heart"},"content":{"rendered":"","protected":false},"excerpt":{"rendered":"<p class=\"isSelectedEnd\">Cjedilo za \u010daj dolazi s malim kerami\u010dkim privjeskom veli\u010dine pribli\u017eno 2\u20133 cm. Svaki privjesak je ru\u010dni rad.<br \/>\n<strong>Napomena: <\/strong>Zbog procesa ru\u010dne izrade mogu\u0107a su manja odstupanja u obliku, boji ili detaljima u odnosu na fotografiju.<\/p>","protected":false},"featured_media":10998,"template":"","meta":{"_seopress_robots_primary_cat":"none","_seopress_titles_title":"","_seopress_titles_desc":"","_seopress_robots_index":"","iawp_total_views":1},"product_brand":[340],"product_cat":[169,148,155,75],"product_tag":[],"class_list":{"0":"post-9251","1":"product","2":"type-product","3":"status-publish","4":"has-post-thumbnail","6":"product_brand-editammyh","7":"product_cat-cjedila","8":"product_cat-dom","9":"product_cat-kuhinja","10":"product_cat-novo","11":"pa_kolekcija-zagreb-line","13":"first","14":"onbackorder","15":"taxable","16":"shipping-taxable","17":"purchasable","18":"product-type-simple"},"_links":{"self":[{"href":"https:\/\/limunstudio.hr\/en\/wp-json\/wp\/v2\/product\/9251","targetHints":{"allow":["GET"]}}],"collection":[{"href":"https:\/\/limunstudio.hr\/en\/wp-json\/wp\/v2\/product"}],"about":[{"href":"https:\/\/limunstudio.hr\/en\/wp-json\/wp\/v2\/types\/product"}],"version-history":[{"count":3,"href":"https:\/\/limunstudio.hr\/en\/wp-json\/wp\/v2\/product\/9251\/revisions"}],"predecessor-version":[{"id":12762,"href":"https:\/\/limunstudio.hr\/en\/wp-json\/wp\/v2\/product\/9251\/revisions\/12762"}],"wp:featuredmedia":[{"embeddable":true,"href":"https:\/\/limunstudio.hr\/en\/wp-json\/wp\/v2\/media\/10998"}],"wp:attachment":[{"href":"https:\/\/limunstudio.hr\/en\/wp-json\/wp\/v2\/media?parent=9251"}],"wp:term":[{"taxonomy":"product_brand","embeddable":true,"href":"https:\/\/limunstudio.hr\/en\/wp-json\/wp\/v2\/product_brand?post=9251"},{"taxonomy":"product_cat","embeddable":true,"href":"https:\/\/limunstudio.hr\/en\/wp-json\/wp\/v2\/product_cat?post=9251"},{"taxonomy":"product_tag","embeddable":true,"href":"https:\/\/limunstudio.hr\/en\/wp-json\/wp\/v2\/product_tag?post=9251"}],"curies":[{"name":"wp","href":"https:\/\/api.w.org\/{rel}","templated":true}]}}