{"id":8932,"date":"2026-02-28T11:19:25","date_gmt":"2026-02-28T11:19:25","guid":{"rendered":"https:\/\/limunstudio.hr\/?post_type=product&#038;p=8932"},"modified":"2026-05-01T17:25:31","modified_gmt":"2026-05-01T15:25:31","slug":"odraz-u-kisi","status":"publish","type":"product","link":"https:\/\/limunstudio.hr\/en\/product\/odraz-u-kisi\/","title":{"rendered":"Slikovnica \u2014 Odraz u ki\u0161i"},"content":{"rendered":"","protected":false},"excerpt":{"rendered":"<p data-start=\"110\" data-end=\"352\"><strong data-start=\"110\" data-end=\"126\">Odraz u ki\u0161i<\/strong> je poetska slikovnica. Nje\u017ene akvarelne ilustracije prikazuju prizore ki\u0161nog dana \u2013 ljude pod ki\u0161obranima, odraze u lokvama i tihe gradske trenutke koji poti\u010du promatranje i ma\u0161tu. Slikovnica u kojoj \u010ditatelj mo\u017ee sam otkrivati male pri\u010de skrivene u kapima ki\u0161e. Posebna je po tome \u0161to ilustracije vode pri\u010du i otvaraju prostor za vlastitu interpretaciju djece i odraslih.<\/p>","protected":false},"featured_media":14603,"template":"","meta":{"_seopress_robots_primary_cat":"none","_seopress_titles_title":"","_seopress_titles_desc":"","_seopress_robots_index":"","iawp_total_views":0},"product_brand":[419],"product_cat":[150,205],"product_tag":[],"class_list":{"0":"post-8932","1":"product","2":"type-product","3":"status-publish","4":"has-post-thumbnail","6":"product_brand-mala-zvona","7":"product_cat-knjige-i-magazini","8":"product_cat-slikovnice-knjige-i-magazini","10":"first","11":"instock","12":"taxable","13":"shipping-taxable","14":"purchasable","15":"product-type-simple"},"_links":{"self":[{"href":"https:\/\/limunstudio.hr\/en\/wp-json\/wp\/v2\/product\/8932","targetHints":{"allow":["GET"]}}],"collection":[{"href":"https:\/\/limunstudio.hr\/en\/wp-json\/wp\/v2\/product"}],"about":[{"href":"https:\/\/limunstudio.hr\/en\/wp-json\/wp\/v2\/types\/product"}],"version-history":[{"count":3,"href":"https:\/\/limunstudio.hr\/en\/wp-json\/wp\/v2\/product\/8932\/revisions"}],"predecessor-version":[{"id":9977,"href":"https:\/\/limunstudio.hr\/en\/wp-json\/wp\/v2\/product\/8932\/revisions\/9977"}],"wp:featuredmedia":[{"embeddable":true,"href":"https:\/\/limunstudio.hr\/en\/wp-json\/wp\/v2\/media\/14603"}],"wp:attachment":[{"href":"https:\/\/limunstudio.hr\/en\/wp-json\/wp\/v2\/media?parent=8932"}],"wp:term":[{"taxonomy":"product_brand","embeddable":true,"href":"https:\/\/limunstudio.hr\/en\/wp-json\/wp\/v2\/product_brand?post=8932"},{"taxonomy":"product_cat","embeddable":true,"href":"https:\/\/limunstudio.hr\/en\/wp-json\/wp\/v2\/product_cat?post=8932"},{"taxonomy":"product_tag","embeddable":true,"href":"https:\/\/limunstudio.hr\/en\/wp-json\/wp\/v2\/product_tag?post=8932"}],"curies":[{"name":"wp","href":"https:\/\/api.w.org\/{rel}","templated":true}]}}