{"id":8634,"date":"2026-02-27T18:03:29","date_gmt":"2026-02-27T18:03:29","guid":{"rendered":"https:\/\/limunstudio.hr\/?post_type=product&#038;p=8634"},"modified":"2026-04-30T11:17:44","modified_gmt":"2026-04-30T09:17:44","slug":"galeb-u-okviru-ive","status":"publish","type":"product","link":"https:\/\/limunstudio.hr\/en\/product\/galeb-u-okviru-ive\/","title":{"rendered":"Galeb u okviru \u2014 Ive"},"content":{"rendered":"","protected":false},"excerpt":{"rendered":"<p>Ru\u010dno oslikani galeb na kerami\u010dkoj plo\u010dici unutar drvenog okvira. Opis teksta na pole\u0111ini: Ive \u2014 Filozof me\u0111u galebovima, voli sjediti na krovu i razmi\u0161ljati o bespu\u0107ima mora. Malo pri\u010da, ali kad progovori, sve ostale uti\u0161a.<\/p>\n<p><strong data-start=\"449\" data-end=\"462\">Napomena:<\/strong><br data-start=\"462\" data-end=\"465\" \/>Zbog ru\u010dne izrade mogu\u0107e su manje razlike u detaljima.<\/p>\n<p>&nbsp;<\/p>","protected":false},"featured_media":14569,"template":"","meta":{"_seopress_robots_primary_cat":"none","_seopress_titles_title":"","_seopress_titles_desc":"","_seopress_robots_index":"","iawp_total_views":0},"product_brand":[346],"product_cat":[156,115,118,173,57],"product_tag":[],"class_list":{"0":"post-8634","1":"product","2":"type-product","3":"status-publish","4":"has-post-thumbnail","6":"product_brand-sestre","7":"product_cat-dekori-za-dom","8":"product_cat-originali","9":"product_cat-ukrasi-za-zid","10":"product_cat-ukrasni-predmeti","11":"product_cat-zidni-dekor","13":"first","14":"instock","15":"taxable","16":"shipping-taxable","17":"purchasable","18":"product-type-simple"},"_links":{"self":[{"href":"https:\/\/limunstudio.hr\/en\/wp-json\/wp\/v2\/product\/8634","targetHints":{"allow":["GET"]}}],"collection":[{"href":"https:\/\/limunstudio.hr\/en\/wp-json\/wp\/v2\/product"}],"about":[{"href":"https:\/\/limunstudio.hr\/en\/wp-json\/wp\/v2\/types\/product"}],"version-history":[{"count":2,"href":"https:\/\/limunstudio.hr\/en\/wp-json\/wp\/v2\/product\/8634\/revisions"}],"predecessor-version":[{"id":10091,"href":"https:\/\/limunstudio.hr\/en\/wp-json\/wp\/v2\/product\/8634\/revisions\/10091"}],"wp:featuredmedia":[{"embeddable":true,"href":"https:\/\/limunstudio.hr\/en\/wp-json\/wp\/v2\/media\/14569"}],"wp:attachment":[{"href":"https:\/\/limunstudio.hr\/en\/wp-json\/wp\/v2\/media?parent=8634"}],"wp:term":[{"taxonomy":"product_brand","embeddable":true,"href":"https:\/\/limunstudio.hr\/en\/wp-json\/wp\/v2\/product_brand?post=8634"},{"taxonomy":"product_cat","embeddable":true,"href":"https:\/\/limunstudio.hr\/en\/wp-json\/wp\/v2\/product_cat?post=8634"},{"taxonomy":"product_tag","embeddable":true,"href":"https:\/\/limunstudio.hr\/en\/wp-json\/wp\/v2\/product_tag?post=8634"}],"curies":[{"name":"wp","href":"https:\/\/api.w.org\/{rel}","templated":true}]}}