{"id":8630,"date":"2026-02-27T18:03:25","date_gmt":"2026-02-27T18:03:25","guid":{"rendered":"https:\/\/limunstudio.hr\/?post_type=product&#038;p=8630"},"modified":"2026-04-30T10:46:58","modified_gmt":"2026-04-30T08:46:58","slug":"galeb-u-okviru-sime","status":"publish","type":"product","link":"https:\/\/limunstudio.hr\/en\/product\/galeb-u-okviru-sime\/","title":{"rendered":"Galeb u okviru \u2014 \u0160ime"},"content":{"rendered":"","protected":false},"excerpt":{"rendered":"<p>Ru\u010dno oslikani galeb na kerami\u010dkoj plo\u010dici unutar drvenog okvira. Opis teksta na pole\u0111ini: \u0160ime \u2014 Uvijek nasmijan, \u0161armira sve oko sebe. Poznat po tome da uvijek prona\u0111e najbolju poziciju za sletit i odmorit.<\/p>\n<p><strong data-start=\"449\" data-end=\"462\">Napomena:<\/strong><br data-start=\"462\" data-end=\"465\" \/>Zbog ru\u010dne izrade mogu\u0107e su manje razlike u detaljima.<\/p>\n<p>&nbsp;<\/p>","protected":false},"featured_media":14559,"template":"","meta":{"_seopress_robots_primary_cat":"none","_seopress_titles_title":"","_seopress_titles_desc":"","_seopress_robots_index":"","iawp_total_views":0},"product_brand":[346],"product_cat":[156,115,118,173,57],"product_tag":[],"class_list":{"0":"post-8630","1":"product","2":"type-product","3":"status-publish","4":"has-post-thumbnail","6":"product_brand-sestre","7":"product_cat-dekori-za-dom","8":"product_cat-originali","9":"product_cat-ukrasi-za-zid","10":"product_cat-ukrasni-predmeti","11":"product_cat-zidni-dekor","13":"first","14":"instock","15":"taxable","16":"shipping-taxable","17":"purchasable","18":"product-type-simple"},"_links":{"self":[{"href":"https:\/\/limunstudio.hr\/en\/wp-json\/wp\/v2\/product\/8630","targetHints":{"allow":["GET"]}}],"collection":[{"href":"https:\/\/limunstudio.hr\/en\/wp-json\/wp\/v2\/product"}],"about":[{"href":"https:\/\/limunstudio.hr\/en\/wp-json\/wp\/v2\/types\/product"}],"version-history":[{"count":2,"href":"https:\/\/limunstudio.hr\/en\/wp-json\/wp\/v2\/product\/8630\/revisions"}],"predecessor-version":[{"id":10090,"href":"https:\/\/limunstudio.hr\/en\/wp-json\/wp\/v2\/product\/8630\/revisions\/10090"}],"wp:featuredmedia":[{"embeddable":true,"href":"https:\/\/limunstudio.hr\/en\/wp-json\/wp\/v2\/media\/14559"}],"wp:attachment":[{"href":"https:\/\/limunstudio.hr\/en\/wp-json\/wp\/v2\/media?parent=8630"}],"wp:term":[{"taxonomy":"product_brand","embeddable":true,"href":"https:\/\/limunstudio.hr\/en\/wp-json\/wp\/v2\/product_brand?post=8630"},{"taxonomy":"product_cat","embeddable":true,"href":"https:\/\/limunstudio.hr\/en\/wp-json\/wp\/v2\/product_cat?post=8630"},{"taxonomy":"product_tag","embeddable":true,"href":"https:\/\/limunstudio.hr\/en\/wp-json\/wp\/v2\/product_tag?post=8630"}],"curies":[{"name":"wp","href":"https:\/\/api.w.org\/{rel}","templated":true}]}}