{"id":8626,"date":"2026-02-27T18:00:55","date_gmt":"2026-02-27T18:00:55","guid":{"rendered":"https:\/\/limunstudio.hr\/?post_type=product&#038;p=8626"},"modified":"2026-04-21T12:41:28","modified_gmt":"2026-04-21T12:41:28","slug":"biljeznica-a5-skakaonica-zadar","status":"publish","type":"product","link":"https:\/\/limunstudio.hr\/en\/product\/biljeznica-a5-skakaonica-zadar\/","title":{"rendered":"Bilje\u017enica A5 \u2014 Skakaonica Zadar"},"content":{"rendered":"","protected":false},"excerpt":{"rendered":"<p>A5 bilje\u017enica s to\u010dkastom mre\u017eom i mat \u0161ivanim koricama. Sadr\u017ei 30-ak stranica koje pru\u017eaju dovoljno prostora za bilje\u0161ke, ideje, planove ili skice. Ru\u010dno \u0161ivana na staroj \u0161iva\u0107oj ma\u0161ini i izra\u0111ena u Hrvatskoj, svaka bilje\u017enica nosi dozu autenti\u010dnosti i posebnosti.<\/p>","protected":false},"featured_media":10775,"template":"","meta":{"_seopress_robots_primary_cat":"none","_seopress_titles_title":"","_seopress_titles_desc":"","_seopress_robots_index":"","iawp_total_views":3},"product_brand":[345],"product_cat":[194,149,193],"product_tag":[],"class_list":{"0":"post-8626","1":"product","2":"type-product","3":"status-publish","4":"has-post-thumbnail","6":"product_brand-art","7":"product_cat-biljeznice","8":"product_cat-papir","9":"product_cat-papirnica","10":"pa_kolekcija-zadar-line","12":"first","13":"instock","14":"taxable","15":"shipping-taxable","16":"purchasable","17":"product-type-simple"},"_links":{"self":[{"href":"https:\/\/limunstudio.hr\/en\/wp-json\/wp\/v2\/product\/8626","targetHints":{"allow":["GET"]}}],"collection":[{"href":"https:\/\/limunstudio.hr\/en\/wp-json\/wp\/v2\/product"}],"about":[{"href":"https:\/\/limunstudio.hr\/en\/wp-json\/wp\/v2\/types\/product"}],"version-history":[{"count":2,"href":"https:\/\/limunstudio.hr\/en\/wp-json\/wp\/v2\/product\/8626\/revisions"}],"predecessor-version":[{"id":10664,"href":"https:\/\/limunstudio.hr\/en\/wp-json\/wp\/v2\/product\/8626\/revisions\/10664"}],"wp:featuredmedia":[{"embeddable":true,"href":"https:\/\/limunstudio.hr\/en\/wp-json\/wp\/v2\/media\/10775"}],"wp:attachment":[{"href":"https:\/\/limunstudio.hr\/en\/wp-json\/wp\/v2\/media?parent=8626"}],"wp:term":[{"taxonomy":"product_brand","embeddable":true,"href":"https:\/\/limunstudio.hr\/en\/wp-json\/wp\/v2\/product_brand?post=8626"},{"taxonomy":"product_cat","embeddable":true,"href":"https:\/\/limunstudio.hr\/en\/wp-json\/wp\/v2\/product_cat?post=8626"},{"taxonomy":"product_tag","embeddable":true,"href":"https:\/\/limunstudio.hr\/en\/wp-json\/wp\/v2\/product_tag?post=8626"}],"curies":[{"name":"wp","href":"https:\/\/api.w.org\/{rel}","templated":true}]}}