{"id":8622,"date":"2026-02-27T17:59:59","date_gmt":"2026-02-27T17:59:59","guid":{"rendered":"https:\/\/limunstudio.hr\/?post_type=product&#038;p=8622"},"modified":"2026-04-11T09:31:18","modified_gmt":"2026-04-11T09:31:18","slug":"biljeznica-a5-fosa-zadar","status":"publish","type":"product","link":"https:\/\/limunstudio.hr\/en\/product\/biljeznica-a5-fosa-zadar\/","title":{"rendered":"Bilje\u017enica A5 \u2014 Fo\u0161a Zadar"},"content":{"rendered":"","protected":false},"excerpt":{"rendered":"<p>A5 bilje\u017enica s to\u010dkastom mre\u017eom i mat \u0161ivanim koricama. Sadr\u017ei 30-ak stranica koje pru\u017eaju dovoljno prostora za bilje\u0161ke, ideje, planove ili skice. Ru\u010dno \u0161ivana na staroj \u0161iva\u0107oj ma\u0161ini i izra\u0111ena u Hrvatskoj, svaka bilje\u017enica nosi dozu autenti\u010dnosti i posebnosti.<\/p>","protected":false},"featured_media":10772,"template":"","meta":{"_seopress_robots_primary_cat":"none","_seopress_titles_title":"","_seopress_titles_desc":"","_seopress_robots_index":"","iawp_total_views":0},"product_brand":[345],"product_cat":[194,149,193],"product_tag":[],"class_list":{"0":"post-8622","1":"product","2":"type-product","3":"status-publish","4":"has-post-thumbnail","6":"product_brand-art","7":"product_cat-biljeznice","8":"product_cat-papir","9":"product_cat-papirnica","10":"pa_kolekcija-zadar-line","12":"first","13":"instock","14":"taxable","15":"shipping-taxable","16":"purchasable","17":"product-type-simple"},"_links":{"self":[{"href":"https:\/\/limunstudio.hr\/en\/wp-json\/wp\/v2\/product\/8622","targetHints":{"allow":["GET"]}}],"collection":[{"href":"https:\/\/limunstudio.hr\/en\/wp-json\/wp\/v2\/product"}],"about":[{"href":"https:\/\/limunstudio.hr\/en\/wp-json\/wp\/v2\/types\/product"}],"version-history":[{"count":2,"href":"https:\/\/limunstudio.hr\/en\/wp-json\/wp\/v2\/product\/8622\/revisions"}],"predecessor-version":[{"id":10666,"href":"https:\/\/limunstudio.hr\/en\/wp-json\/wp\/v2\/product\/8622\/revisions\/10666"}],"wp:featuredmedia":[{"embeddable":true,"href":"https:\/\/limunstudio.hr\/en\/wp-json\/wp\/v2\/media\/10772"}],"wp:attachment":[{"href":"https:\/\/limunstudio.hr\/en\/wp-json\/wp\/v2\/media?parent=8622"}],"wp:term":[{"taxonomy":"product_brand","embeddable":true,"href":"https:\/\/limunstudio.hr\/en\/wp-json\/wp\/v2\/product_brand?post=8622"},{"taxonomy":"product_cat","embeddable":true,"href":"https:\/\/limunstudio.hr\/en\/wp-json\/wp\/v2\/product_cat?post=8622"},{"taxonomy":"product_tag","embeddable":true,"href":"https:\/\/limunstudio.hr\/en\/wp-json\/wp\/v2\/product_tag?post=8622"}],"curies":[{"name":"wp","href":"https:\/\/api.w.org\/{rel}","templated":true}]}}