{"id":8502,"date":"2026-02-19T14:24:17","date_gmt":"2026-02-19T14:24:17","guid":{"rendered":"https:\/\/limunstudio.hr\/?post_type=product&#038;p=8502"},"modified":"2026-04-30T10:26:57","modified_gmt":"2026-04-30T08:26:57","slug":"keramicka-vaza-125","status":"publish","type":"product","link":"https:\/\/limunstudio.hr\/en\/product\/keramicka-vaza-125\/","title":{"rendered":"Kerami\u010dka vaza \u2014 125"},"content":{"rendered":"","protected":false},"excerpt":{"rendered":"<p>Unikatno ru\u010dno izra\u0111ena kerami\u010dka vaza u raku tehnici. Kerami\u010dki cvijet na vrhu nije fiksni. Proizvedeno u Hrvatskoj.<\/p>","protected":false},"featured_media":11119,"template":"","meta":{"_seopress_robots_primary_cat":"none","_seopress_titles_title":"","_seopress_titles_desc":"","_seopress_robots_index":"","iawp_total_views":1},"product_brand":[338],"product_cat":[156,148,78,172],"product_tag":[],"class_list":{"0":"post-8502","1":"product","2":"type-product","3":"status-publish","4":"has-post-thumbnail","6":"product_brand-arcus","7":"product_cat-dekori-za-dom","8":"product_cat-dom","9":"product_cat-ekskluzivni-pokloni","10":"product_cat-vaze","12":"first","13":"instock","14":"sold-individually","15":"taxable","16":"shipping-taxable","17":"purchasable","18":"product-type-simple"},"_links":{"self":[{"href":"https:\/\/limunstudio.hr\/en\/wp-json\/wp\/v2\/product\/8502","targetHints":{"allow":["GET"]}}],"collection":[{"href":"https:\/\/limunstudio.hr\/en\/wp-json\/wp\/v2\/product"}],"about":[{"href":"https:\/\/limunstudio.hr\/en\/wp-json\/wp\/v2\/types\/product"}],"version-history":[{"count":5,"href":"https:\/\/limunstudio.hr\/en\/wp-json\/wp\/v2\/product\/8502\/revisions"}],"predecessor-version":[{"id":14529,"href":"https:\/\/limunstudio.hr\/en\/wp-json\/wp\/v2\/product\/8502\/revisions\/14529"}],"wp:featuredmedia":[{"embeddable":true,"href":"https:\/\/limunstudio.hr\/en\/wp-json\/wp\/v2\/media\/11119"}],"wp:attachment":[{"href":"https:\/\/limunstudio.hr\/en\/wp-json\/wp\/v2\/media?parent=8502"}],"wp:term":[{"taxonomy":"product_brand","embeddable":true,"href":"https:\/\/limunstudio.hr\/en\/wp-json\/wp\/v2\/product_brand?post=8502"},{"taxonomy":"product_cat","embeddable":true,"href":"https:\/\/limunstudio.hr\/en\/wp-json\/wp\/v2\/product_cat?post=8502"},{"taxonomy":"product_tag","embeddable":true,"href":"https:\/\/limunstudio.hr\/en\/wp-json\/wp\/v2\/product_tag?post=8502"}],"curies":[{"name":"wp","href":"https:\/\/api.w.org\/{rel}","templated":true}]}}