{"id":8500,"date":"2026-02-19T14:23:23","date_gmt":"2026-02-19T14:23:23","guid":{"rendered":"https:\/\/limunstudio.hr\/?post_type=product&#038;p=8500"},"modified":"2026-04-30T10:27:03","modified_gmt":"2026-04-30T08:27:03","slug":"keramicka-vaza-124","status":"publish","type":"product","link":"https:\/\/limunstudio.hr\/en\/product\/keramicka-vaza-124\/","title":{"rendered":"Kerami\u010dka vaza \u2014 124"},"content":{"rendered":"","protected":false},"excerpt":{"rendered":"<p>Unikatno ru\u010dno izra\u0111ena kerami\u010dka vaza u raku tehnici. Proizvedeno u Hrvatskoj.<\/p>","protected":false},"featured_media":11107,"template":"","meta":{"_seopress_robots_primary_cat":"none","_seopress_titles_title":"","_seopress_titles_desc":"","_seopress_robots_index":"","iawp_total_views":0},"product_brand":[338],"product_cat":[156,148,78,75,172],"product_tag":[],"class_list":{"0":"post-8500","1":"product","2":"type-product","3":"status-publish","4":"has-post-thumbnail","6":"product_brand-arcus","7":"product_cat-dekori-za-dom","8":"product_cat-dom","9":"product_cat-ekskluzivni-pokloni","10":"product_cat-novo","11":"product_cat-vaze","13":"first","14":"instock","15":"sold-individually","16":"taxable","17":"shipping-taxable","18":"purchasable","19":"product-type-simple"},"_links":{"self":[{"href":"https:\/\/limunstudio.hr\/en\/wp-json\/wp\/v2\/product\/8500","targetHints":{"allow":["GET"]}}],"collection":[{"href":"https:\/\/limunstudio.hr\/en\/wp-json\/wp\/v2\/product"}],"about":[{"href":"https:\/\/limunstudio.hr\/en\/wp-json\/wp\/v2\/types\/product"}],"version-history":[{"count":5,"href":"https:\/\/limunstudio.hr\/en\/wp-json\/wp\/v2\/product\/8500\/revisions"}],"predecessor-version":[{"id":14530,"href":"https:\/\/limunstudio.hr\/en\/wp-json\/wp\/v2\/product\/8500\/revisions\/14530"}],"wp:featuredmedia":[{"embeddable":true,"href":"https:\/\/limunstudio.hr\/en\/wp-json\/wp\/v2\/media\/11107"}],"wp:attachment":[{"href":"https:\/\/limunstudio.hr\/en\/wp-json\/wp\/v2\/media?parent=8500"}],"wp:term":[{"taxonomy":"product_brand","embeddable":true,"href":"https:\/\/limunstudio.hr\/en\/wp-json\/wp\/v2\/product_brand?post=8500"},{"taxonomy":"product_cat","embeddable":true,"href":"https:\/\/limunstudio.hr\/en\/wp-json\/wp\/v2\/product_cat?post=8500"},{"taxonomy":"product_tag","embeddable":true,"href":"https:\/\/limunstudio.hr\/en\/wp-json\/wp\/v2\/product_tag?post=8500"}],"curies":[{"name":"wp","href":"https:\/\/api.w.org\/{rel}","templated":true}]}}