{"id":8498,"date":"2026-02-19T14:21:47","date_gmt":"2026-02-19T14:21:47","guid":{"rendered":"https:\/\/limunstudio.hr\/?post_type=product&#038;p=8498"},"modified":"2026-04-30T10:27:19","modified_gmt":"2026-04-30T08:27:19","slug":"keramicka-slika-6","status":"publish","type":"product","link":"https:\/\/limunstudio.hr\/en\/product\/keramicka-slika-6\/","title":{"rendered":"Kerami\u010dka ptica u okviru"},"content":{"rendered":"","protected":false},"excerpt":{"rendered":"<p>Ru\u010dno izra\u0111ena Ptica sre\u0107e \u2013 unikatan kerami\u010dki simbol slobode, radosti i pozitivne energije. Svaki komad je jedinstven. Proizvedeno u Hrvatskoj. Uokvireno i spremno za postavljanje: mo\u017ee stajati na polici (ima oslonac) ili se objesiti na zid.<\/p>\n<p data-pm-slice=\"1 1 []\">.<\/p>","protected":false},"featured_media":11048,"template":"","meta":{"_seopress_robots_primary_cat":"none","_seopress_titles_title":"","_seopress_titles_desc":"","_seopress_robots_index":"","iawp_total_views":1},"product_brand":[338],"product_cat":[156,148,78,115,118,173,57],"product_tag":[],"class_list":{"0":"post-8498","1":"product","2":"type-product","3":"status-publish","4":"has-post-thumbnail","6":"product_brand-arcus","7":"product_cat-dekori-za-dom","8":"product_cat-dom","9":"product_cat-ekskluzivni-pokloni","10":"product_cat-originali","11":"product_cat-ukrasi-za-zid","12":"product_cat-ukrasni-predmeti","13":"product_cat-zidni-dekor","15":"first","16":"instock","17":"sold-individually","18":"taxable","19":"shipping-taxable","20":"purchasable","21":"product-type-simple"},"_links":{"self":[{"href":"https:\/\/limunstudio.hr\/en\/wp-json\/wp\/v2\/product\/8498","targetHints":{"allow":["GET"]}}],"collection":[{"href":"https:\/\/limunstudio.hr\/en\/wp-json\/wp\/v2\/product"}],"about":[{"href":"https:\/\/limunstudio.hr\/en\/wp-json\/wp\/v2\/types\/product"}],"version-history":[{"count":5,"href":"https:\/\/limunstudio.hr\/en\/wp-json\/wp\/v2\/product\/8498\/revisions"}],"predecessor-version":[{"id":14531,"href":"https:\/\/limunstudio.hr\/en\/wp-json\/wp\/v2\/product\/8498\/revisions\/14531"}],"wp:featuredmedia":[{"embeddable":true,"href":"https:\/\/limunstudio.hr\/en\/wp-json\/wp\/v2\/media\/11048"}],"wp:attachment":[{"href":"https:\/\/limunstudio.hr\/en\/wp-json\/wp\/v2\/media?parent=8498"}],"wp:term":[{"taxonomy":"product_brand","embeddable":true,"href":"https:\/\/limunstudio.hr\/en\/wp-json\/wp\/v2\/product_brand?post=8498"},{"taxonomy":"product_cat","embeddable":true,"href":"https:\/\/limunstudio.hr\/en\/wp-json\/wp\/v2\/product_cat?post=8498"},{"taxonomy":"product_tag","embeddable":true,"href":"https:\/\/limunstudio.hr\/en\/wp-json\/wp\/v2\/product_tag?post=8498"}],"curies":[{"name":"wp","href":"https:\/\/api.w.org\/{rel}","templated":true}]}}