{"id":8492,"date":"2026-02-19T14:19:50","date_gmt":"2026-02-19T14:19:50","guid":{"rendered":"https:\/\/limunstudio.hr\/?post_type=product&#038;p=8492"},"modified":"2026-04-30T10:27:48","modified_gmt":"2026-04-30T08:27:48","slug":"unikatna-ptica-srece-morana","status":"publish","type":"product","link":"https:\/\/limunstudio.hr\/en\/product\/unikatna-ptica-srece-morana\/","title":{"rendered":"Ptica sre\u0107e \u2014 MORANA"},"content":{"rendered":"","protected":false},"excerpt":{"rendered":"<p>Ru\u010dno izra\u0111ena Ptica sre\u0107e \u2013 unikatan kerami\u010dki simbol slobode, radosti i pozitivne energije. Svaki komad je jedinstven. Proizvedeno u Hrvatskoj.<\/p>","protected":false},"featured_media":11060,"template":"","meta":{"_seopress_robots_primary_cat":"none","_seopress_titles_title":"","_seopress_titles_desc":"","_seopress_robots_index":"","iawp_total_views":0},"product_brand":[338],"product_cat":[156,148,78,173],"product_tag":[],"class_list":{"0":"post-8492","1":"product","2":"type-product","3":"status-publish","4":"has-post-thumbnail","6":"product_brand-arcus","7":"product_cat-dekori-za-dom","8":"product_cat-dom","9":"product_cat-ekskluzivni-pokloni","10":"product_cat-ukrasni-predmeti","12":"first","13":"instock","14":"sold-individually","15":"taxable","16":"shipping-taxable","17":"purchasable","18":"product-type-simple"},"_links":{"self":[{"href":"https:\/\/limunstudio.hr\/en\/wp-json\/wp\/v2\/product\/8492","targetHints":{"allow":["GET"]}}],"collection":[{"href":"https:\/\/limunstudio.hr\/en\/wp-json\/wp\/v2\/product"}],"about":[{"href":"https:\/\/limunstudio.hr\/en\/wp-json\/wp\/v2\/types\/product"}],"version-history":[{"count":4,"href":"https:\/\/limunstudio.hr\/en\/wp-json\/wp\/v2\/product\/8492\/revisions"}],"predecessor-version":[{"id":14534,"href":"https:\/\/limunstudio.hr\/en\/wp-json\/wp\/v2\/product\/8492\/revisions\/14534"}],"wp:featuredmedia":[{"embeddable":true,"href":"https:\/\/limunstudio.hr\/en\/wp-json\/wp\/v2\/media\/11060"}],"wp:attachment":[{"href":"https:\/\/limunstudio.hr\/en\/wp-json\/wp\/v2\/media?parent=8492"}],"wp:term":[{"taxonomy":"product_brand","embeddable":true,"href":"https:\/\/limunstudio.hr\/en\/wp-json\/wp\/v2\/product_brand?post=8492"},{"taxonomy":"product_cat","embeddable":true,"href":"https:\/\/limunstudio.hr\/en\/wp-json\/wp\/v2\/product_cat?post=8492"},{"taxonomy":"product_tag","embeddable":true,"href":"https:\/\/limunstudio.hr\/en\/wp-json\/wp\/v2\/product_tag?post=8492"}],"curies":[{"name":"wp","href":"https:\/\/api.w.org\/{rel}","templated":true}]}}