{"id":8480,"date":"2026-02-19T14:16:21","date_gmt":"2026-02-19T14:16:21","guid":{"rendered":"https:\/\/limunstudio.hr\/?post_type=product&#038;p=8480"},"modified":"2026-04-30T10:28:04","modified_gmt":"2026-04-30T08:28:04","slug":"unikatna-ptica-srece-mir","status":"publish","type":"product","link":"https:\/\/limunstudio.hr\/en\/product\/unikatna-ptica-srece-mir\/","title":{"rendered":"Ptica sre\u0107e \u2014 MIR"},"content":{"rendered":"","protected":false},"excerpt":{"rendered":"<p>Ru\u010dno izra\u0111ena Ptica sre\u0107e \u2013 unikatan kerami\u010dki simbol slobode, radosti i pozitivne energije. Svaki komad je jedinstven. Proizvedeno u Hrvatskoj.<\/p>","protected":false},"featured_media":11061,"template":"","meta":{"_seopress_robots_primary_cat":"none","_seopress_titles_title":"","_seopress_titles_desc":"","_seopress_robots_index":"","iawp_total_views":3},"product_brand":[338],"product_cat":[156,148,78,75,173],"product_tag":[],"class_list":{"0":"post-8480","1":"product","2":"type-product","3":"status-publish","4":"has-post-thumbnail","6":"product_brand-arcus","7":"product_cat-dekori-za-dom","8":"product_cat-dom","9":"product_cat-ekskluzivni-pokloni","10":"product_cat-novo","11":"product_cat-ukrasni-predmeti","13":"first","14":"instock","15":"sold-individually","16":"taxable","17":"shipping-taxable","18":"purchasable","19":"product-type-simple"},"_links":{"self":[{"href":"https:\/\/limunstudio.hr\/en\/wp-json\/wp\/v2\/product\/8480","targetHints":{"allow":["GET"]}}],"collection":[{"href":"https:\/\/limunstudio.hr\/en\/wp-json\/wp\/v2\/product"}],"about":[{"href":"https:\/\/limunstudio.hr\/en\/wp-json\/wp\/v2\/types\/product"}],"version-history":[{"count":4,"href":"https:\/\/limunstudio.hr\/en\/wp-json\/wp\/v2\/product\/8480\/revisions"}],"predecessor-version":[{"id":14537,"href":"https:\/\/limunstudio.hr\/en\/wp-json\/wp\/v2\/product\/8480\/revisions\/14537"}],"wp:featuredmedia":[{"embeddable":true,"href":"https:\/\/limunstudio.hr\/en\/wp-json\/wp\/v2\/media\/11061"}],"wp:attachment":[{"href":"https:\/\/limunstudio.hr\/en\/wp-json\/wp\/v2\/media?parent=8480"}],"wp:term":[{"taxonomy":"product_brand","embeddable":true,"href":"https:\/\/limunstudio.hr\/en\/wp-json\/wp\/v2\/product_brand?post=8480"},{"taxonomy":"product_cat","embeddable":true,"href":"https:\/\/limunstudio.hr\/en\/wp-json\/wp\/v2\/product_cat?post=8480"},{"taxonomy":"product_tag","embeddable":true,"href":"https:\/\/limunstudio.hr\/en\/wp-json\/wp\/v2\/product_tag?post=8480"}],"curies":[{"name":"wp","href":"https:\/\/api.w.org\/{rel}","templated":true}]}}