{"id":8464,"date":"2026-02-19T13:56:13","date_gmt":"2026-02-19T13:56:13","guid":{"rendered":"https:\/\/limunstudio.hr\/?post_type=product&#038;p=8464"},"modified":"2026-04-21T08:16:27","modified_gmt":"2026-04-21T08:16:27","slug":"drvena-daska-orah-natura","status":"publish","type":"product","link":"https:\/\/limunstudio.hr\/en\/product\/drvena-daska-orah-natura\/","title":{"rendered":"Drvena daska \u2014 ORAH NATURA"},"content":{"rendered":"","protected":false},"excerpt":{"rendered":"<p>Ru\u010dno izra\u0111ena drvena daska od oraha. Svaka daska je unikat. Zbog procesa ru\u010dne izrade mogu\u0107a manja odstupanja u godovima i teksturi u odnosu na prikazanu fotografiju. Proizvedeno u Hrvatskoj.<\/p>","protected":false},"featured_media":9808,"template":"","meta":{"_seopress_robots_primary_cat":"none","_seopress_titles_title":"","_seopress_titles_desc":"","_seopress_robots_index":"","iawp_total_views":1},"product_brand":[334],"product_cat":[162,148,155],"product_tag":[],"class_list":{"0":"post-8464","1":"product","2":"type-product","3":"status-publish","4":"has-post-thumbnail","6":"product_brand-teamtree","7":"product_cat-daske-i-pladnjevi","8":"product_cat-dom","9":"product_cat-kuhinja","11":"first","12":"onbackorder","13":"featured","14":"taxable","15":"shipping-taxable","16":"purchasable","17":"product-type-simple"},"_links":{"self":[{"href":"https:\/\/limunstudio.hr\/en\/wp-json\/wp\/v2\/product\/8464","targetHints":{"allow":["GET"]}}],"collection":[{"href":"https:\/\/limunstudio.hr\/en\/wp-json\/wp\/v2\/product"}],"about":[{"href":"https:\/\/limunstudio.hr\/en\/wp-json\/wp\/v2\/types\/product"}],"version-history":[{"count":2,"href":"https:\/\/limunstudio.hr\/en\/wp-json\/wp\/v2\/product\/8464\/revisions"}],"predecessor-version":[{"id":12672,"href":"https:\/\/limunstudio.hr\/en\/wp-json\/wp\/v2\/product\/8464\/revisions\/12672"}],"wp:featuredmedia":[{"embeddable":true,"href":"https:\/\/limunstudio.hr\/en\/wp-json\/wp\/v2\/media\/9808"}],"wp:attachment":[{"href":"https:\/\/limunstudio.hr\/en\/wp-json\/wp\/v2\/media?parent=8464"}],"wp:term":[{"taxonomy":"product_brand","embeddable":true,"href":"https:\/\/limunstudio.hr\/en\/wp-json\/wp\/v2\/product_brand?post=8464"},{"taxonomy":"product_cat","embeddable":true,"href":"https:\/\/limunstudio.hr\/en\/wp-json\/wp\/v2\/product_cat?post=8464"},{"taxonomy":"product_tag","embeddable":true,"href":"https:\/\/limunstudio.hr\/en\/wp-json\/wp\/v2\/product_tag?post=8464"}],"curies":[{"name":"wp","href":"https:\/\/api.w.org\/{rel}","templated":true}]}}