{"id":8454,"date":"2026-02-19T13:51:10","date_gmt":"2026-02-19T13:51:10","guid":{"rendered":"https:\/\/limunstudio.hr\/?post_type=product&#038;p=8454"},"modified":"2026-04-21T08:17:28","modified_gmt":"2026-04-21T08:17:28","slug":"drvena-daska-dream","status":"publish","type":"product","link":"https:\/\/limunstudio.hr\/en\/product\/drvena-daska-dream\/","title":{"rendered":"Drvena daska \u2014 ORAH DREAM"},"content":{"rendered":"","protected":false},"excerpt":{"rendered":"<p>Ru\u010dno izra\u0111ena drvena daska od oraha. Svaka daska je unikat. Zbog procesa ru\u010dne izrade mogu\u0107a manja odstupanja u godovima i teksturi u odnosu na prikazanu fotografiju. Proizvedeno u Hrvatskoj.<\/p>","protected":false},"featured_media":10816,"template":"","meta":{"_seopress_robots_primary_cat":"none","_seopress_titles_title":"","_seopress_titles_desc":"","_seopress_robots_index":"","iawp_total_views":0},"product_brand":[334],"product_cat":[162,148,155],"product_tag":[],"class_list":{"0":"post-8454","1":"product","2":"type-product","3":"status-publish","4":"has-post-thumbnail","6":"product_brand-teamtree","7":"product_cat-daske-i-pladnjevi","8":"product_cat-dom","9":"product_cat-kuhinja","11":"first","12":"instock","13":"taxable","14":"shipping-taxable","15":"purchasable","16":"product-type-simple"},"_links":{"self":[{"href":"https:\/\/limunstudio.hr\/en\/wp-json\/wp\/v2\/product\/8454","targetHints":{"allow":["GET"]}}],"collection":[{"href":"https:\/\/limunstudio.hr\/en\/wp-json\/wp\/v2\/product"}],"about":[{"href":"https:\/\/limunstudio.hr\/en\/wp-json\/wp\/v2\/types\/product"}],"version-history":[{"count":3,"href":"https:\/\/limunstudio.hr\/en\/wp-json\/wp\/v2\/product\/8454\/revisions"}],"predecessor-version":[{"id":12674,"href":"https:\/\/limunstudio.hr\/en\/wp-json\/wp\/v2\/product\/8454\/revisions\/12674"}],"wp:featuredmedia":[{"embeddable":true,"href":"https:\/\/limunstudio.hr\/en\/wp-json\/wp\/v2\/media\/10816"}],"wp:attachment":[{"href":"https:\/\/limunstudio.hr\/en\/wp-json\/wp\/v2\/media?parent=8454"}],"wp:term":[{"taxonomy":"product_brand","embeddable":true,"href":"https:\/\/limunstudio.hr\/en\/wp-json\/wp\/v2\/product_brand?post=8454"},{"taxonomy":"product_cat","embeddable":true,"href":"https:\/\/limunstudio.hr\/en\/wp-json\/wp\/v2\/product_cat?post=8454"},{"taxonomy":"product_tag","embeddable":true,"href":"https:\/\/limunstudio.hr\/en\/wp-json\/wp\/v2\/product_tag?post=8454"}],"curies":[{"name":"wp","href":"https:\/\/api.w.org\/{rel}","templated":true}]}}