{"id":8448,"date":"2026-02-19T13:44:42","date_gmt":"2026-02-19T13:44:42","guid":{"rendered":"https:\/\/limunstudio.hr\/?post_type=product&#038;p=8448"},"modified":"2026-04-21T08:18:16","modified_gmt":"2026-04-21T08:18:16","slug":"drvena-daska-za-posluzivanje-orah-fi-28","status":"publish","type":"product","link":"https:\/\/limunstudio.hr\/en\/product\/drvena-daska-za-posluzivanje-orah-fi-28\/","title":{"rendered":"Drvena daska \u2014 ORAH fi 28"},"content":{"rendered":"","protected":false},"excerpt":{"rendered":"<p>Ru\u010dno izra\u0111ena drvena daska od oraha. Svaka daska je unikat. Zbog procesa ru\u010dne izrade mogu\u0107a manja odstupanja u godovima i teksturi u odnosu na prikazanu fotografiju. Proizvedeno u Hrvatskoj.<\/p>","protected":false},"featured_media":10812,"template":"","meta":{"_seopress_robots_primary_cat":"none","_seopress_titles_title":"","_seopress_titles_desc":"","_seopress_robots_index":"","iawp_total_views":0},"product_brand":[334],"product_cat":[162,148,155],"product_tag":[],"class_list":{"0":"post-8448","1":"product","2":"type-product","3":"status-publish","4":"has-post-thumbnail","6":"product_brand-teamtree","7":"product_cat-daske-i-pladnjevi","8":"product_cat-dom","9":"product_cat-kuhinja","11":"first","12":"instock","13":"taxable","14":"shipping-taxable","15":"purchasable","16":"product-type-simple"},"_links":{"self":[{"href":"https:\/\/limunstudio.hr\/en\/wp-json\/wp\/v2\/product\/8448","targetHints":{"allow":["GET"]}}],"collection":[{"href":"https:\/\/limunstudio.hr\/en\/wp-json\/wp\/v2\/product"}],"about":[{"href":"https:\/\/limunstudio.hr\/en\/wp-json\/wp\/v2\/types\/product"}],"version-history":[{"count":4,"href":"https:\/\/limunstudio.hr\/en\/wp-json\/wp\/v2\/product\/8448\/revisions"}],"predecessor-version":[{"id":12677,"href":"https:\/\/limunstudio.hr\/en\/wp-json\/wp\/v2\/product\/8448\/revisions\/12677"}],"wp:featuredmedia":[{"embeddable":true,"href":"https:\/\/limunstudio.hr\/en\/wp-json\/wp\/v2\/media\/10812"}],"wp:attachment":[{"href":"https:\/\/limunstudio.hr\/en\/wp-json\/wp\/v2\/media?parent=8448"}],"wp:term":[{"taxonomy":"product_brand","embeddable":true,"href":"https:\/\/limunstudio.hr\/en\/wp-json\/wp\/v2\/product_brand?post=8448"},{"taxonomy":"product_cat","embeddable":true,"href":"https:\/\/limunstudio.hr\/en\/wp-json\/wp\/v2\/product_cat?post=8448"},{"taxonomy":"product_tag","embeddable":true,"href":"https:\/\/limunstudio.hr\/en\/wp-json\/wp\/v2\/product_tag?post=8448"}],"curies":[{"name":"wp","href":"https:\/\/api.w.org\/{rel}","templated":true}]}}