{"id":7108,"date":"2026-01-06T15:25:05","date_gmt":"2026-01-06T15:25:05","guid":{"rendered":"https:\/\/limunstudio.hr\/?post_type=product&#038;p=7108"},"modified":"2026-04-08T10:04:33","modified_gmt":"2026-04-08T10:04:33","slug":"akrilni-pin-babuska","status":"publish","type":"product","link":"https:\/\/limunstudio.hr\/en\/product\/akrilni-pin-babuska\/","title":{"rendered":"Akrilni pin &#8211; Babu\u0161ka"},"content":{"rendered":"","protected":false},"excerpt":{"rendered":"<p>Akrilni pin jednostavno se pri\u010dvr\u0161\u0107uje na majice, kape, torbe ili ruksake te unosi mali, ali upe\u010datljiv detalj u svakodnevni stil. Dimenzije pina su 3&#215;1,5cm.<\/p>","protected":false},"featured_media":9499,"template":"","meta":{"_seopress_robots_primary_cat":"none","_seopress_titles_title":"","_seopress_titles_desc":"","_seopress_robots_index":"","iawp_total_views":0},"product_brand":[73],"product_cat":[212,136,131,127],"product_tag":[],"class_list":{"0":"post-7108","1":"product","2":"type-product","3":"status-publish","4":"has-post-thumbnail","6":"product_brand-mmyh","7":"product_cat-bozic","8":"product_cat-brosevi","9":"product_cat-dodaci","10":"product_cat-moda","12":"first","13":"instock","14":"taxable","15":"shipping-taxable","16":"purchasable","17":"product-type-simple"},"_links":{"self":[{"href":"https:\/\/limunstudio.hr\/en\/wp-json\/wp\/v2\/product\/7108","targetHints":{"allow":["GET"]}}],"collection":[{"href":"https:\/\/limunstudio.hr\/en\/wp-json\/wp\/v2\/product"}],"about":[{"href":"https:\/\/limunstudio.hr\/en\/wp-json\/wp\/v2\/types\/product"}],"version-history":[{"count":2,"href":"https:\/\/limunstudio.hr\/en\/wp-json\/wp\/v2\/product\/7108\/revisions"}],"predecessor-version":[{"id":10135,"href":"https:\/\/limunstudio.hr\/en\/wp-json\/wp\/v2\/product\/7108\/revisions\/10135"}],"wp:featuredmedia":[{"embeddable":true,"href":"https:\/\/limunstudio.hr\/en\/wp-json\/wp\/v2\/media\/9499"}],"wp:attachment":[{"href":"https:\/\/limunstudio.hr\/en\/wp-json\/wp\/v2\/media?parent=7108"}],"wp:term":[{"taxonomy":"product_brand","embeddable":true,"href":"https:\/\/limunstudio.hr\/en\/wp-json\/wp\/v2\/product_brand?post=7108"},{"taxonomy":"product_cat","embeddable":true,"href":"https:\/\/limunstudio.hr\/en\/wp-json\/wp\/v2\/product_cat?post=7108"},{"taxonomy":"product_tag","embeddable":true,"href":"https:\/\/limunstudio.hr\/en\/wp-json\/wp\/v2\/product_tag?post=7108"}],"curies":[{"name":"wp","href":"https:\/\/api.w.org\/{rel}","templated":true}]}}