{"id":6919,"date":"2026-01-06T12:41:53","date_gmt":"2026-01-06T12:41:53","guid":{"rendered":"https:\/\/limunstudio.hr\/?post_type=product&#038;p=6919"},"modified":"2026-03-13T17:15:43","modified_gmt":"2026-03-13T17:15:43","slug":"bookmark-morske-orgulje","status":"publish","type":"product","link":"https:\/\/limunstudio.hr\/en\/product\/bookmark-morske-orgulje\/","title":{"rendered":"Bookmark \u2014 Morske orgulje"},"content":{"rendered":"","protected":false},"excerpt":{"rendered":"<p>Bookmarker sa zadarskim motivom i ukrasnom resicom koja prati va\u0161e \u010ditanje kroz svaku stranicu. Ukrasna resica uskla\u0111ena je s bookmarkerom, no boja mo\u017ee odstupati od one prikazane na fotografiji.<\/p>","protected":false},"featured_media":9546,"template":"","meta":{"_seopress_robots_primary_cat":"none","_seopress_titles_title":"","_seopress_titles_desc":"","_seopress_robots_index":"","iawp_total_views":2},"product_brand":[342],"product_cat":[197,149,193],"product_tag":[],"class_list":{"0":"post-6919","1":"product","2":"type-product","3":"status-publish","4":"has-post-thumbnail","6":"product_brand-limun-design","7":"product_cat-knjizne-oznake","8":"product_cat-papir","9":"product_cat-papirnica","10":"pa_kolekcija-zadar-line","12":"first","13":"instock","14":"taxable","15":"shipping-taxable","16":"purchasable","17":"product-type-simple"},"_links":{"self":[{"href":"https:\/\/limunstudio.hr\/en\/wp-json\/wp\/v2\/product\/6919","targetHints":{"allow":["GET"]}}],"collection":[{"href":"https:\/\/limunstudio.hr\/en\/wp-json\/wp\/v2\/product"}],"about":[{"href":"https:\/\/limunstudio.hr\/en\/wp-json\/wp\/v2\/types\/product"}],"version-history":[{"count":3,"href":"https:\/\/limunstudio.hr\/en\/wp-json\/wp\/v2\/product\/6919\/revisions"}],"predecessor-version":[{"id":10686,"href":"https:\/\/limunstudio.hr\/en\/wp-json\/wp\/v2\/product\/6919\/revisions\/10686"}],"wp:featuredmedia":[{"embeddable":true,"href":"https:\/\/limunstudio.hr\/en\/wp-json\/wp\/v2\/media\/9546"}],"wp:attachment":[{"href":"https:\/\/limunstudio.hr\/en\/wp-json\/wp\/v2\/media?parent=6919"}],"wp:term":[{"taxonomy":"product_brand","embeddable":true,"href":"https:\/\/limunstudio.hr\/en\/wp-json\/wp\/v2\/product_brand?post=6919"},{"taxonomy":"product_cat","embeddable":true,"href":"https:\/\/limunstudio.hr\/en\/wp-json\/wp\/v2\/product_cat?post=6919"},{"taxonomy":"product_tag","embeddable":true,"href":"https:\/\/limunstudio.hr\/en\/wp-json\/wp\/v2\/product_tag?post=6919"}],"curies":[{"name":"wp","href":"https:\/\/api.w.org\/{rel}","templated":true}]}}