{"id":6909,"date":"2026-01-06T12:35:23","date_gmt":"2026-01-06T12:35:23","guid":{"rendered":"https:\/\/limunstudio.hr\/?post_type=product&#038;p=6909"},"modified":"2026-03-14T05:52:04","modified_gmt":"2026-03-14T05:52:04","slug":"bookmark-smokva","status":"publish","type":"product","link":"https:\/\/limunstudio.hr\/en\/product\/bookmark-smokva\/","title":{"rendered":"Bookmark \u2014 Smokva"},"content":{"rendered":"","protected":false},"excerpt":{"rendered":"<p>Bookmarker s ukrasnom resicom koja prati va\u0161e \u010ditanje kroz svaku stranicu. Ukrasna resica uskla\u0111ena je s bookmarkerom, no boja mo\u017ee odstupati od one prikazane na fotografiji.<\/p>","protected":false},"featured_media":9547,"template":"","meta":{"_seopress_robots_primary_cat":"none","_seopress_titles_title":"","_seopress_titles_desc":"","_seopress_robots_index":"","iawp_total_views":0},"product_brand":[342],"product_cat":[197,149,193],"product_tag":[],"class_list":{"0":"post-6909","1":"product","2":"type-product","3":"status-publish","4":"has-post-thumbnail","6":"product_brand-limun-design","7":"product_cat-knjizne-oznake","8":"product_cat-papir","9":"product_cat-papirnica","11":"first","12":"instock","13":"taxable","14":"shipping-taxable","15":"purchasable","16":"product-type-simple"},"_links":{"self":[{"href":"https:\/\/limunstudio.hr\/en\/wp-json\/wp\/v2\/product\/6909","targetHints":{"allow":["GET"]}}],"collection":[{"href":"https:\/\/limunstudio.hr\/en\/wp-json\/wp\/v2\/product"}],"about":[{"href":"https:\/\/limunstudio.hr\/en\/wp-json\/wp\/v2\/types\/product"}],"version-history":[{"count":2,"href":"https:\/\/limunstudio.hr\/en\/wp-json\/wp\/v2\/product\/6909\/revisions"}],"predecessor-version":[{"id":10694,"href":"https:\/\/limunstudio.hr\/en\/wp-json\/wp\/v2\/product\/6909\/revisions\/10694"}],"wp:featuredmedia":[{"embeddable":true,"href":"https:\/\/limunstudio.hr\/en\/wp-json\/wp\/v2\/media\/9547"}],"wp:attachment":[{"href":"https:\/\/limunstudio.hr\/en\/wp-json\/wp\/v2\/media?parent=6909"}],"wp:term":[{"taxonomy":"product_brand","embeddable":true,"href":"https:\/\/limunstudio.hr\/en\/wp-json\/wp\/v2\/product_brand?post=6909"},{"taxonomy":"product_cat","embeddable":true,"href":"https:\/\/limunstudio.hr\/en\/wp-json\/wp\/v2\/product_cat?post=6909"},{"taxonomy":"product_tag","embeddable":true,"href":"https:\/\/limunstudio.hr\/en\/wp-json\/wp\/v2\/product_tag?post=6909"}],"curies":[{"name":"wp","href":"https:\/\/api.w.org\/{rel}","templated":true}]}}