{"id":6897,"date":"2026-01-06T12:32:51","date_gmt":"2026-01-06T12:32:51","guid":{"rendered":"https:\/\/limunstudio.hr\/?post_type=product&#038;p=6897"},"modified":"2026-04-09T09:26:27","modified_gmt":"2026-04-09T09:26:27","slug":"bookmark-kralj-tomislav","status":"publish","type":"product","link":"https:\/\/limunstudio.hr\/en\/product\/bookmark-kralj-tomislav\/","title":{"rendered":"Bookmark \u2014 Kralj Tomislav"},"content":{"rendered":"","protected":false},"excerpt":{"rendered":"<p>Bookmarker sa zagreba\u010dkim motivom i ukrasnom resicom koja prati va\u0161e \u010ditanje kroz svaku stranicu. Ukrasna resica uskla\u0111ena je s bookmarkerom, no boja mo\u017ee odstupati od one prikazane na fotografiji.<\/p>","protected":false},"featured_media":10918,"template":"","meta":{"_seopress_robots_primary_cat":"none","_seopress_titles_title":"","_seopress_titles_desc":"","_seopress_robots_index":"","iawp_total_views":1},"product_brand":[342],"product_cat":[197,149,193],"product_tag":[],"class_list":{"0":"post-6897","1":"product","2":"type-product","3":"status-publish","4":"has-post-thumbnail","6":"product_brand-limun-design","7":"product_cat-knjizne-oznake","8":"product_cat-papir","9":"product_cat-papirnica","10":"pa_kolekcija-zagreb-line","12":"first","13":"instock","14":"taxable","15":"shipping-taxable","16":"purchasable","17":"product-type-simple"},"_links":{"self":[{"href":"https:\/\/limunstudio.hr\/en\/wp-json\/wp\/v2\/product\/6897","targetHints":{"allow":["GET"]}}],"collection":[{"href":"https:\/\/limunstudio.hr\/en\/wp-json\/wp\/v2\/product"}],"about":[{"href":"https:\/\/limunstudio.hr\/en\/wp-json\/wp\/v2\/types\/product"}],"version-history":[{"count":3,"href":"https:\/\/limunstudio.hr\/en\/wp-json\/wp\/v2\/product\/6897\/revisions"}],"predecessor-version":[{"id":10693,"href":"https:\/\/limunstudio.hr\/en\/wp-json\/wp\/v2\/product\/6897\/revisions\/10693"}],"wp:featuredmedia":[{"embeddable":true,"href":"https:\/\/limunstudio.hr\/en\/wp-json\/wp\/v2\/media\/10918"}],"wp:attachment":[{"href":"https:\/\/limunstudio.hr\/en\/wp-json\/wp\/v2\/media?parent=6897"}],"wp:term":[{"taxonomy":"product_brand","embeddable":true,"href":"https:\/\/limunstudio.hr\/en\/wp-json\/wp\/v2\/product_brand?post=6897"},{"taxonomy":"product_cat","embeddable":true,"href":"https:\/\/limunstudio.hr\/en\/wp-json\/wp\/v2\/product_cat?post=6897"},{"taxonomy":"product_tag","embeddable":true,"href":"https:\/\/limunstudio.hr\/en\/wp-json\/wp\/v2\/product_tag?post=6897"}],"curies":[{"name":"wp","href":"https:\/\/api.w.org\/{rel}","templated":true}]}}