{"id":6878,"date":"2026-01-06T12:24:22","date_gmt":"2026-01-06T12:24:22","guid":{"rendered":"https:\/\/limunstudio.hr\/?post_type=product&#038;p=6878"},"modified":"2026-04-20T15:50:12","modified_gmt":"2026-04-20T15:50:12","slug":"rajf-crveni","status":"publish","type":"product","link":"https:\/\/limunstudio.hr\/en\/product\/rajf-crveni\/","title":{"rendered":"Rajf crveni"},"content":{"rendered":"","protected":false},"excerpt":{"rendered":"<p>Ru\u010dno vezeni rajf s etno motivima, inspiriran hrvatskom tradicijom. Svaki komad je unikat. Proizvedeno u Hrvatskoj. U slu\u010daju ponovne izrade istog modela mogu\u0107a su manja odstupanja.<\/p>","protected":false},"featured_media":11071,"template":"","meta":{"_seopress_robots_primary_cat":"none","_seopress_titles_title":"","_seopress_titles_desc":"","_seopress_robots_index":"","iawp_total_views":0},"product_brand":[314],"product_cat":[131,127,135],"product_tag":[],"class_list":{"0":"post-6878","1":"product","2":"type-product","3":"status-publish","4":"has-post-thumbnail","6":"product_brand-ethnotina","7":"product_cat-dodaci","8":"product_cat-moda","9":"product_cat-rajfovi","11":"first","12":"instock","13":"sold-individually","14":"taxable","15":"shipping-taxable","16":"purchasable","17":"product-type-simple"},"_links":{"self":[{"href":"https:\/\/limunstudio.hr\/en\/wp-json\/wp\/v2\/product\/6878","targetHints":{"allow":["GET"]}}],"collection":[{"href":"https:\/\/limunstudio.hr\/en\/wp-json\/wp\/v2\/product"}],"about":[{"href":"https:\/\/limunstudio.hr\/en\/wp-json\/wp\/v2\/types\/product"}],"version-history":[{"count":2,"href":"https:\/\/limunstudio.hr\/en\/wp-json\/wp\/v2\/product\/6878\/revisions"}],"predecessor-version":[{"id":12596,"href":"https:\/\/limunstudio.hr\/en\/wp-json\/wp\/v2\/product\/6878\/revisions\/12596"}],"wp:featuredmedia":[{"embeddable":true,"href":"https:\/\/limunstudio.hr\/en\/wp-json\/wp\/v2\/media\/11071"}],"wp:attachment":[{"href":"https:\/\/limunstudio.hr\/en\/wp-json\/wp\/v2\/media?parent=6878"}],"wp:term":[{"taxonomy":"product_brand","embeddable":true,"href":"https:\/\/limunstudio.hr\/en\/wp-json\/wp\/v2\/product_brand?post=6878"},{"taxonomy":"product_cat","embeddable":true,"href":"https:\/\/limunstudio.hr\/en\/wp-json\/wp\/v2\/product_cat?post=6878"},{"taxonomy":"product_tag","embeddable":true,"href":"https:\/\/limunstudio.hr\/en\/wp-json\/wp\/v2\/product_tag?post=6878"}],"curies":[{"name":"wp","href":"https:\/\/api.w.org\/{rel}","templated":true}]}}