{"id":6825,"date":"2026-01-06T10:57:18","date_gmt":"2026-01-06T10:57:18","guid":{"rendered":"https:\/\/limunstudio.hr\/?post_type=product&#038;p=6825"},"modified":"2026-04-09T09:25:04","modified_gmt":"2026-04-09T09:25:04","slug":"zdline-ilustracija-kolona","status":"publish","type":"product","link":"https:\/\/limunstudio.hr\/en\/product\/zdline-ilustracija-kolona\/","title":{"rendered":"Illustration \u2014 Column"},"content":{"rendered":"","protected":false},"excerpt":{"rendered":"<p>Umjetni\u010dka ilustracija iz na\u0161e originalne ZadarLine kolekcije. Idealna je za urede, apartmane, dnevne boravke i suvremene interijere. Prodaje se bez okvira, \u0161to omogu\u0107uje slobodan izbor okvira koji najbolje odgovara va\u0161em prostoru. Dimenzije ilustracija dolaze u dvije veli\u010dine, uklju\u010duju\u0107i bijeli paspartu \u0161irine 1 cm.<\/p>","protected":false},"featured_media":10456,"template":"","meta":{"_seopress_robots_primary_cat":"none","_seopress_titles_title":"","_seopress_titles_desc":"","_seopress_robots_index":"","iawp_total_views":5},"product_brand":[342],"product_cat":[93,75,57],"product_tag":[],"class_list":{"0":"post-6825","1":"product","2":"type-product","3":"status-publish","4":"has-post-thumbnail","6":"product_brand-limun-design","7":"product_cat-ilustracije","8":"product_cat-novo","9":"product_cat-zidni-dekor","10":"pa_kolekcija-zadar-line","12":"first","13":"instock","14":"taxable","15":"shipping-taxable","16":"purchasable","17":"product-type-variable"},"_links":{"self":[{"href":"https:\/\/limunstudio.hr\/en\/wp-json\/wp\/v2\/product\/6825","targetHints":{"allow":["GET"]}}],"collection":[{"href":"https:\/\/limunstudio.hr\/en\/wp-json\/wp\/v2\/product"}],"about":[{"href":"https:\/\/limunstudio.hr\/en\/wp-json\/wp\/v2\/types\/product"}],"version-history":[{"count":3,"href":"https:\/\/limunstudio.hr\/en\/wp-json\/wp\/v2\/product\/6825\/revisions"}],"predecessor-version":[{"id":10721,"href":"https:\/\/limunstudio.hr\/en\/wp-json\/wp\/v2\/product\/6825\/revisions\/10721"}],"wp:featuredmedia":[{"embeddable":true,"href":"https:\/\/limunstudio.hr\/en\/wp-json\/wp\/v2\/media\/10456"}],"wp:attachment":[{"href":"https:\/\/limunstudio.hr\/en\/wp-json\/wp\/v2\/media?parent=6825"}],"wp:term":[{"taxonomy":"product_brand","embeddable":true,"href":"https:\/\/limunstudio.hr\/en\/wp-json\/wp\/v2\/product_brand?post=6825"},{"taxonomy":"product_cat","embeddable":true,"href":"https:\/\/limunstudio.hr\/en\/wp-json\/wp\/v2\/product_cat?post=6825"},{"taxonomy":"product_tag","embeddable":true,"href":"https:\/\/limunstudio.hr\/en\/wp-json\/wp\/v2\/product_tag?post=6825"}],"curies":[{"name":"wp","href":"https:\/\/api.w.org\/{rel}","templated":true}]}}