{"id":6819,"date":"2026-01-06T10:53:28","date_gmt":"2026-01-06T10:53:28","guid":{"rendered":"https:\/\/limunstudio.hr\/?post_type=product&#038;p=6819"},"modified":"2026-04-09T09:20:14","modified_gmt":"2026-04-09T09:20:14","slug":"zdline-ilustracija-pet-bunara","status":"publish","type":"product","link":"https:\/\/limunstudio.hr\/en\/product\/zdline-ilustracija-pet-bunara\/","title":{"rendered":"Ilustracija \u2014 Pet bunara"},"content":{"rendered":"","protected":false},"excerpt":{"rendered":"<p>Umjetni\u010dka ilustracija iz na\u0161e originalne ZadarLine kolekcije. Idealna je za urede, apartmane, dnevne boravke i suvremene interijere. Prodaje se bez okvira, \u0161to omogu\u0107uje slobodan izbor okvira koji najbolje odgovara va\u0161em prostoru. Dimenzije ilustracija dolaze u dvije veli\u010dine, uklju\u010duju\u0107i bijeli paspartu \u0161irine 1 cm.<\/p>","protected":false},"featured_media":10462,"template":"","meta":{"_seopress_robots_primary_cat":"none","_seopress_titles_title":"","_seopress_titles_desc":"","_seopress_robots_index":"","iawp_total_views":0},"product_brand":[342],"product_cat":[93,57],"product_tag":[],"class_list":{"0":"post-6819","1":"product","2":"type-product","3":"status-publish","4":"has-post-thumbnail","6":"product_brand-limun-design","7":"product_cat-ilustracije","8":"product_cat-zidni-dekor","9":"pa_kolekcija-zadar-line","11":"first","12":"instock","13":"taxable","14":"shipping-taxable","15":"purchasable","16":"product-type-variable"},"_links":{"self":[{"href":"https:\/\/limunstudio.hr\/en\/wp-json\/wp\/v2\/product\/6819","targetHints":{"allow":["GET"]}}],"collection":[{"href":"https:\/\/limunstudio.hr\/en\/wp-json\/wp\/v2\/product"}],"about":[{"href":"https:\/\/limunstudio.hr\/en\/wp-json\/wp\/v2\/types\/product"}],"version-history":[{"count":4,"href":"https:\/\/limunstudio.hr\/en\/wp-json\/wp\/v2\/product\/6819\/revisions"}],"predecessor-version":[{"id":10722,"href":"https:\/\/limunstudio.hr\/en\/wp-json\/wp\/v2\/product\/6819\/revisions\/10722"}],"wp:featuredmedia":[{"embeddable":true,"href":"https:\/\/limunstudio.hr\/en\/wp-json\/wp\/v2\/media\/10462"}],"wp:attachment":[{"href":"https:\/\/limunstudio.hr\/en\/wp-json\/wp\/v2\/media?parent=6819"}],"wp:term":[{"taxonomy":"product_brand","embeddable":true,"href":"https:\/\/limunstudio.hr\/en\/wp-json\/wp\/v2\/product_brand?post=6819"},{"taxonomy":"product_cat","embeddable":true,"href":"https:\/\/limunstudio.hr\/en\/wp-json\/wp\/v2\/product_cat?post=6819"},{"taxonomy":"product_tag","embeddable":true,"href":"https:\/\/limunstudio.hr\/en\/wp-json\/wp\/v2\/product_tag?post=6819"}],"curies":[{"name":"wp","href":"https:\/\/api.w.org\/{rel}","templated":true}]}}