{"id":6735,"date":"2026-01-06T10:05:42","date_gmt":"2026-01-06T10:05:42","guid":{"rendered":"https:\/\/limunstudio.hr\/?post_type=product&#038;p=6735"},"modified":"2026-04-30T09:52:26","modified_gmt":"2026-04-30T07:52:26","slug":"herbarij-13x18cm-3","status":"publish","type":"product","link":"https:\/\/limunstudio.hr\/en\/product\/herbarij-13x18cm-3\/","title":{"rendered":"Herbarij 13x18cm \u2014 Jaglac"},"content":{"rendered":"","protected":false},"excerpt":{"rendered":"<p data-pm-slice=\"1 1 []\">Herbarij je uokviren i spreman za postavljanje: mo\u017ee stajati na polici (ima oslonac) ili se objesiti na zid (ima kukicu). Svaki herbarij nastaje polako, s ljubavlju i potpuno ru\u010dno, u ku\u0107noj radionici autorice koja sama sadi, bere, su\u0161i i sla\u017ee biljke u jedinstvene botani\u010dke kompozicije. Na pole\u0111ini je ispisan naziv svake biljke na hrvatskom i latinskom jeziku.<\/p>","protected":false},"featured_media":10967,"template":"","meta":{"_seopress_robots_primary_cat":"none","_seopress_titles_title":"","_seopress_titles_desc":"","_seopress_robots_index":"","iawp_total_views":1},"product_brand":[313],"product_cat":[381,116,57],"product_tag":[],"class_list":{"0":"post-6735","1":"product","2":"type-product","3":"status-publish","4":"has-post-thumbnail","6":"product_brand-herbarij-studio","7":"product_cat-13x18cm","8":"product_cat-herbariji","9":"product_cat-zidni-dekor","11":"first","12":"instock","13":"sold-individually","14":"taxable","15":"shipping-taxable","16":"purchasable","17":"product-type-simple"},"_links":{"self":[{"href":"https:\/\/limunstudio.hr\/en\/wp-json\/wp\/v2\/product\/6735","targetHints":{"allow":["GET"]}}],"collection":[{"href":"https:\/\/limunstudio.hr\/en\/wp-json\/wp\/v2\/product"}],"about":[{"href":"https:\/\/limunstudio.hr\/en\/wp-json\/wp\/v2\/types\/product"}],"version-history":[{"count":4,"href":"https:\/\/limunstudio.hr\/en\/wp-json\/wp\/v2\/product\/6735\/revisions"}],"predecessor-version":[{"id":14492,"href":"https:\/\/limunstudio.hr\/en\/wp-json\/wp\/v2\/product\/6735\/revisions\/14492"}],"wp:featuredmedia":[{"embeddable":true,"href":"https:\/\/limunstudio.hr\/en\/wp-json\/wp\/v2\/media\/10967"}],"wp:attachment":[{"href":"https:\/\/limunstudio.hr\/en\/wp-json\/wp\/v2\/media?parent=6735"}],"wp:term":[{"taxonomy":"product_brand","embeddable":true,"href":"https:\/\/limunstudio.hr\/en\/wp-json\/wp\/v2\/product_brand?post=6735"},{"taxonomy":"product_cat","embeddable":true,"href":"https:\/\/limunstudio.hr\/en\/wp-json\/wp\/v2\/product_cat?post=6735"},{"taxonomy":"product_tag","embeddable":true,"href":"https:\/\/limunstudio.hr\/en\/wp-json\/wp\/v2\/product_tag?post=6735"}],"curies":[{"name":"wp","href":"https:\/\/api.w.org\/{rel}","templated":true}]}}