{"id":6729,"date":"2026-01-06T10:03:56","date_gmt":"2026-01-06T10:03:56","guid":{"rendered":"https:\/\/limunstudio.hr\/?post_type=product&#038;p=6729"},"modified":"2026-04-30T09:51:08","modified_gmt":"2026-04-30T07:51:08","slug":"herbarij-10x15cm-5","status":"publish","type":"product","link":"https:\/\/limunstudio.hr\/en\/product\/herbarij-10x15cm-5\/","title":{"rendered":"Herbarij 10x15cm \u2014 Mirisna grahorica"},"content":{"rendered":"","protected":false},"excerpt":{"rendered":"<p data-pm-slice=\"1 1 []\">Herbarij je uokviren i spreman za postavljanje: mo\u017ee stajati na polici (ima oslonac) ili se objesiti na zid (ima kukicu). Svaki herbarij nastaje polako, s ljubavlju i potpuno ru\u010dno, u ku\u0107noj radionici autorice koja sama sadi, bere, su\u0161i i sla\u017ee biljke u jedinstvene botani\u010dke kompozicije. Na pole\u0111ini je ispisan naziv svake biljke na hrvatskom i latinskom jeziku.<\/p>","protected":false},"featured_media":10962,"template":"","meta":{"_seopress_robots_primary_cat":"none","_seopress_titles_title":"","_seopress_titles_desc":"","_seopress_robots_index":"","iawp_total_views":0},"product_brand":[313],"product_cat":[380,116,57],"product_tag":[],"class_list":{"0":"post-6729","1":"product","2":"type-product","3":"status-publish","4":"has-post-thumbnail","6":"product_brand-herbarij-studio","7":"product_cat-10x15cm","8":"product_cat-herbariji","9":"product_cat-zidni-dekor","11":"first","12":"instock","13":"taxable","14":"shipping-taxable","15":"purchasable","16":"product-type-simple"},"_links":{"self":[{"href":"https:\/\/limunstudio.hr\/en\/wp-json\/wp\/v2\/product\/6729","targetHints":{"allow":["GET"]}}],"collection":[{"href":"https:\/\/limunstudio.hr\/en\/wp-json\/wp\/v2\/product"}],"about":[{"href":"https:\/\/limunstudio.hr\/en\/wp-json\/wp\/v2\/types\/product"}],"version-history":[{"count":6,"href":"https:\/\/limunstudio.hr\/en\/wp-json\/wp\/v2\/product\/6729\/revisions"}],"predecessor-version":[{"id":14490,"href":"https:\/\/limunstudio.hr\/en\/wp-json\/wp\/v2\/product\/6729\/revisions\/14490"}],"wp:featuredmedia":[{"embeddable":true,"href":"https:\/\/limunstudio.hr\/en\/wp-json\/wp\/v2\/media\/10962"}],"wp:attachment":[{"href":"https:\/\/limunstudio.hr\/en\/wp-json\/wp\/v2\/media?parent=6729"}],"wp:term":[{"taxonomy":"product_brand","embeddable":true,"href":"https:\/\/limunstudio.hr\/en\/wp-json\/wp\/v2\/product_brand?post=6729"},{"taxonomy":"product_cat","embeddable":true,"href":"https:\/\/limunstudio.hr\/en\/wp-json\/wp\/v2\/product_cat?post=6729"},{"taxonomy":"product_tag","embeddable":true,"href":"https:\/\/limunstudio.hr\/en\/wp-json\/wp\/v2\/product_tag?post=6729"}],"curies":[{"name":"wp","href":"https:\/\/api.w.org\/{rel}","templated":true}]}}