{"id":6697,"date":"2026-01-06T09:26:46","date_gmt":"2026-01-06T09:26:46","guid":{"rendered":"https:\/\/limunstudio.hr\/?post_type=product&#038;p=6697"},"modified":"2026-04-20T14:03:45","modified_gmt":"2026-04-20T14:03:45","slug":"aj-art-original-53x53cm-2","status":"publish","type":"product","link":"https:\/\/limunstudio.hr\/en\/product\/aj-art-original-53x53cm-2\/","title":{"rendered":"Original \u2014 Coral reef"},"content":{"rendered":"","protected":false},"excerpt":{"rendered":"<p>Akril na platnu. Prodaje se uokvirena. Slika je za\u0161ti\u0107ena mat lakom protiv UV zra\u010denja, vlage i pra\u0161ine.<\/p>","protected":false},"featured_media":11883,"template":"","meta":{"_seopress_robots_primary_cat":"none","_seopress_titles_title":"","_seopress_titles_desc":"","_seopress_robots_index":"","iawp_total_views":1},"product_brand":[312],"product_cat":[115,57],"product_tag":[],"class_list":{"0":"post-6697","1":"product","2":"type-product","3":"status-publish","4":"has-post-thumbnail","6":"product_brand-anja-jelavic-art","7":"product_cat-originali","8":"product_cat-zidni-dekor","10":"first","11":"instock","12":"sold-individually","13":"taxable","14":"shipping-taxable","15":"purchasable","16":"product-type-simple"},"_links":{"self":[{"href":"https:\/\/limunstudio.hr\/en\/wp-json\/wp\/v2\/product\/6697","targetHints":{"allow":["GET"]}}],"collection":[{"href":"https:\/\/limunstudio.hr\/en\/wp-json\/wp\/v2\/product"}],"about":[{"href":"https:\/\/limunstudio.hr\/en\/wp-json\/wp\/v2\/types\/product"}],"version-history":[{"count":4,"href":"https:\/\/limunstudio.hr\/en\/wp-json\/wp\/v2\/product\/6697\/revisions"}],"predecessor-version":[{"id":12871,"href":"https:\/\/limunstudio.hr\/en\/wp-json\/wp\/v2\/product\/6697\/revisions\/12871"}],"wp:featuredmedia":[{"embeddable":true,"href":"https:\/\/limunstudio.hr\/en\/wp-json\/wp\/v2\/media\/11883"}],"wp:attachment":[{"href":"https:\/\/limunstudio.hr\/en\/wp-json\/wp\/v2\/media?parent=6697"}],"wp:term":[{"taxonomy":"product_brand","embeddable":true,"href":"https:\/\/limunstudio.hr\/en\/wp-json\/wp\/v2\/product_brand?post=6697"},{"taxonomy":"product_cat","embeddable":true,"href":"https:\/\/limunstudio.hr\/en\/wp-json\/wp\/v2\/product_cat?post=6697"},{"taxonomy":"product_tag","embeddable":true,"href":"https:\/\/limunstudio.hr\/en\/wp-json\/wp\/v2\/product_tag?post=6697"}],"curies":[{"name":"wp","href":"https:\/\/api.w.org\/{rel}","templated":true}]}}