{"id":6681,"date":"2026-01-06T09:17:27","date_gmt":"2026-01-06T09:17:27","guid":{"rendered":"https:\/\/limunstudio.hr\/?post_type=product&#038;p=6681"},"modified":"2026-04-30T12:34:49","modified_gmt":"2026-04-30T10:34:49","slug":"naljepnica-medieval-sea-1","status":"publish","type":"product","link":"https:\/\/limunstudio.hr\/en\/product\/naljepnica-medieval-sea-1\/","title":{"rendered":"Naljepnica \u2014 Medieval sea 1"},"content":{"rendered":"","protected":false},"excerpt":{"rendered":"<p>Naljepnice dolaze u jednoj dimenziji i izra\u0111ene su u Hrvatskoj. Jednostavno se lijepe i mogu se ukloniti bez o\u0161te\u0107enja povr\u0161ine. Idealne su za personalizaciju svakodnevnih predmeta ili kao mali poklon za ljubitelje zanimljivih dizajna.<\/p>","protected":false},"featured_media":14601,"template":"","meta":{"_seopress_robots_primary_cat":"none","_seopress_titles_title":"","_seopress_titles_desc":"","_seopress_robots_index":"","iawp_total_views":1},"product_brand":[310],"product_cat":[196,149,193],"product_tag":[],"class_list":{"0":"post-6681","1":"product","2":"type-product","3":"status-publish","4":"has-post-thumbnail","6":"product_brand-marina","7":"product_cat-naljepnice","8":"product_cat-papir","9":"product_cat-papirnica","11":"first","12":"instock","13":"taxable","14":"shipping-taxable","15":"purchasable","16":"product-type-simple"},"_links":{"self":[{"href":"https:\/\/limunstudio.hr\/en\/wp-json\/wp\/v2\/product\/6681","targetHints":{"allow":["GET"]}}],"collection":[{"href":"https:\/\/limunstudio.hr\/en\/wp-json\/wp\/v2\/product"}],"about":[{"href":"https:\/\/limunstudio.hr\/en\/wp-json\/wp\/v2\/types\/product"}],"version-history":[{"count":2,"href":"https:\/\/limunstudio.hr\/en\/wp-json\/wp\/v2\/product\/6681\/revisions"}],"predecessor-version":[{"id":10185,"href":"https:\/\/limunstudio.hr\/en\/wp-json\/wp\/v2\/product\/6681\/revisions\/10185"}],"wp:featuredmedia":[{"embeddable":true,"href":"https:\/\/limunstudio.hr\/en\/wp-json\/wp\/v2\/media\/14601"}],"wp:attachment":[{"href":"https:\/\/limunstudio.hr\/en\/wp-json\/wp\/v2\/media?parent=6681"}],"wp:term":[{"taxonomy":"product_brand","embeddable":true,"href":"https:\/\/limunstudio.hr\/en\/wp-json\/wp\/v2\/product_brand?post=6681"},{"taxonomy":"product_cat","embeddable":true,"href":"https:\/\/limunstudio.hr\/en\/wp-json\/wp\/v2\/product_cat?post=6681"},{"taxonomy":"product_tag","embeddable":true,"href":"https:\/\/limunstudio.hr\/en\/wp-json\/wp\/v2\/product_tag?post=6681"}],"curies":[{"name":"wp","href":"https:\/\/api.w.org\/{rel}","templated":true}]}}