{"id":6671,"date":"2026-01-06T09:12:07","date_gmt":"2026-01-06T09:12:07","guid":{"rendered":"https:\/\/limunstudio.hr\/?post_type=product&#038;p=6671"},"modified":"2026-03-11T08:07:54","modified_gmt":"2026-03-11T08:07:54","slug":"naljepnica-jesen","status":"publish","type":"product","link":"https:\/\/limunstudio.hr\/en\/product\/naljepnica-jesen\/","title":{"rendered":"Naljepnica \u2014 Jesen"},"content":{"rendered":"","protected":false},"excerpt":{"rendered":"<p>Naljepnice dolaze u jednoj dimenziji i izra\u0111ene su u Hrvatskoj. Jednostavno se lijepe i mogu se ukloniti bez o\u0161te\u0107enja povr\u0161ine. Idealne su za personalizaciju svakodnevnih predmeta ili kao mali poklon za ljubitelje zanimljivih dizajna.<\/p>","protected":false},"featured_media":9579,"template":"","meta":{"_seopress_robots_primary_cat":"none","_seopress_titles_title":"","_seopress_titles_desc":"","_seopress_robots_index":"","iawp_total_views":1},"product_brand":[310],"product_cat":[196,149,193],"product_tag":[],"class_list":{"0":"post-6671","1":"product","2":"type-product","3":"status-publish","4":"has-post-thumbnail","6":"product_brand-marina","7":"product_cat-naljepnice","8":"product_cat-papir","9":"product_cat-papirnica","11":"first","12":"instock","13":"taxable","14":"shipping-taxable","15":"purchasable","16":"product-type-simple"},"_links":{"self":[{"href":"https:\/\/limunstudio.hr\/en\/wp-json\/wp\/v2\/product\/6671","targetHints":{"allow":["GET"]}}],"collection":[{"href":"https:\/\/limunstudio.hr\/en\/wp-json\/wp\/v2\/product"}],"about":[{"href":"https:\/\/limunstudio.hr\/en\/wp-json\/wp\/v2\/types\/product"}],"version-history":[{"count":2,"href":"https:\/\/limunstudio.hr\/en\/wp-json\/wp\/v2\/product\/6671\/revisions"}],"predecessor-version":[{"id":10190,"href":"https:\/\/limunstudio.hr\/en\/wp-json\/wp\/v2\/product\/6671\/revisions\/10190"}],"wp:featuredmedia":[{"embeddable":true,"href":"https:\/\/limunstudio.hr\/en\/wp-json\/wp\/v2\/media\/9579"}],"wp:attachment":[{"href":"https:\/\/limunstudio.hr\/en\/wp-json\/wp\/v2\/media?parent=6671"}],"wp:term":[{"taxonomy":"product_brand","embeddable":true,"href":"https:\/\/limunstudio.hr\/en\/wp-json\/wp\/v2\/product_brand?post=6671"},{"taxonomy":"product_cat","embeddable":true,"href":"https:\/\/limunstudio.hr\/en\/wp-json\/wp\/v2\/product_cat?post=6671"},{"taxonomy":"product_tag","embeddable":true,"href":"https:\/\/limunstudio.hr\/en\/wp-json\/wp\/v2\/product_tag?post=6671"}],"curies":[{"name":"wp","href":"https:\/\/api.w.org\/{rel}","templated":true}]}}