{"id":6650,"date":"2026-01-05T21:48:24","date_gmt":"2026-01-05T21:48:24","guid":{"rendered":"https:\/\/limunstudio.hr\/?post_type=product&#038;p=6650"},"modified":"2026-04-08T15:42:19","modified_gmt":"2026-04-08T15:42:19","slug":"reprodukcija-dubrovacka-gospoda","status":"publish","type":"product","link":"https:\/\/limunstudio.hr\/en\/product\/reprodukcija-dubrovacka-gospoda\/","title":{"rendered":"Reprodukcija \u2014 Dubrova\u010dka gospo\u0111a"},"content":{"rendered":"","protected":false},"excerpt":{"rendered":"<p>Ma\u010dka naslikana akvarelom na pozadini fotografije grada. Ovaj proizvod je reprodukcija originalnog rada. Prodaje se bez okvira.<\/p>","protected":false},"featured_media":10957,"template":"","meta":{"_seopress_robots_primary_cat":"none","_seopress_titles_title":"","_seopress_titles_desc":"","_seopress_robots_index":"","iawp_total_views":0},"product_brand":[309],"product_cat":[91],"product_tag":[],"class_list":{"0":"post-6650","1":"product","2":"type-product","3":"status-publish","4":"has-post-thumbnail","6":"product_brand-maja-bachler","7":"product_cat-reprodukcije","9":"first","10":"instock","11":"purchasable","12":"product-type-simple"},"_links":{"self":[{"href":"https:\/\/limunstudio.hr\/en\/wp-json\/wp\/v2\/product\/6650","targetHints":{"allow":["GET"]}}],"collection":[{"href":"https:\/\/limunstudio.hr\/en\/wp-json\/wp\/v2\/product"}],"about":[{"href":"https:\/\/limunstudio.hr\/en\/wp-json\/wp\/v2\/types\/product"}],"version-history":[{"count":2,"href":"https:\/\/limunstudio.hr\/en\/wp-json\/wp\/v2\/product\/6650\/revisions"}],"predecessor-version":[{"id":12807,"href":"https:\/\/limunstudio.hr\/en\/wp-json\/wp\/v2\/product\/6650\/revisions\/12807"}],"wp:featuredmedia":[{"embeddable":true,"href":"https:\/\/limunstudio.hr\/en\/wp-json\/wp\/v2\/media\/10957"}],"wp:attachment":[{"href":"https:\/\/limunstudio.hr\/en\/wp-json\/wp\/v2\/media?parent=6650"}],"wp:term":[{"taxonomy":"product_brand","embeddable":true,"href":"https:\/\/limunstudio.hr\/en\/wp-json\/wp\/v2\/product_brand?post=6650"},{"taxonomy":"product_cat","embeddable":true,"href":"https:\/\/limunstudio.hr\/en\/wp-json\/wp\/v2\/product_cat?post=6650"},{"taxonomy":"product_tag","embeddable":true,"href":"https:\/\/limunstudio.hr\/en\/wp-json\/wp\/v2\/product_tag?post=6650"}],"curies":[{"name":"wp","href":"https:\/\/api.w.org\/{rel}","templated":true}]}}