{"id":6631,"date":"2026-01-05T21:37:26","date_gmt":"2026-01-05T21:37:26","guid":{"rendered":"https:\/\/limunstudio.hr\/?post_type=product&#038;p=6631"},"modified":"2026-04-22T09:03:42","modified_gmt":"2026-04-22T09:03:42","slug":"zagrebacka-gospoda","status":"publish","type":"product","link":"https:\/\/limunstudio.hr\/en\/product\/zagrebacka-gospoda\/","title":{"rendered":"Reprodukcija \u2014 Zagreba\u010dka gospo\u0111a"},"content":{"rendered":"","protected":false},"excerpt":{"rendered":"<p>Ma\u010dka naslikana akvarelom na pozadini fotografije grada. Ovaj proizvod je reprodukcija originalnog rada. Prodaje se bez okvira.<\/p>","protected":false},"featured_media":10898,"template":"","meta":{"_seopress_robots_primary_cat":"none","_seopress_titles_title":"","_seopress_titles_desc":"","_seopress_robots_index":"","iawp_total_views":0},"product_brand":[309],"product_cat":[91],"product_tag":[],"class_list":{"0":"post-6631","1":"product","2":"type-product","3":"status-publish","4":"has-post-thumbnail","6":"product_brand-maja-bachler","7":"product_cat-reprodukcije","8":"pa_kolekcija-zagreb-line","10":"first","11":"onbackorder","12":"purchasable","13":"product-type-simple"},"_links":{"self":[{"href":"https:\/\/limunstudio.hr\/en\/wp-json\/wp\/v2\/product\/6631","targetHints":{"allow":["GET"]}}],"collection":[{"href":"https:\/\/limunstudio.hr\/en\/wp-json\/wp\/v2\/product"}],"about":[{"href":"https:\/\/limunstudio.hr\/en\/wp-json\/wp\/v2\/types\/product"}],"version-history":[{"count":4,"href":"https:\/\/limunstudio.hr\/en\/wp-json\/wp\/v2\/product\/6631\/revisions"}],"predecessor-version":[{"id":12801,"href":"https:\/\/limunstudio.hr\/en\/wp-json\/wp\/v2\/product\/6631\/revisions\/12801"}],"wp:featuredmedia":[{"embeddable":true,"href":"https:\/\/limunstudio.hr\/en\/wp-json\/wp\/v2\/media\/10898"}],"wp:attachment":[{"href":"https:\/\/limunstudio.hr\/en\/wp-json\/wp\/v2\/media?parent=6631"}],"wp:term":[{"taxonomy":"product_brand","embeddable":true,"href":"https:\/\/limunstudio.hr\/en\/wp-json\/wp\/v2\/product_brand?post=6631"},{"taxonomy":"product_cat","embeddable":true,"href":"https:\/\/limunstudio.hr\/en\/wp-json\/wp\/v2\/product_cat?post=6631"},{"taxonomy":"product_tag","embeddable":true,"href":"https:\/\/limunstudio.hr\/en\/wp-json\/wp\/v2\/product_tag?post=6631"}],"curies":[{"name":"wp","href":"https:\/\/api.w.org\/{rel}","templated":true}]}}