{"id":6625,"date":"2026-01-05T16:03:06","date_gmt":"2026-01-05T16:03:06","guid":{"rendered":"https:\/\/limunstudio.hr\/?post_type=product&#038;p=6625"},"modified":"2026-04-30T12:57:50","modified_gmt":"2026-04-30T10:57:50","slug":"lutka-medo-ukras-za-bor","status":"publish","type":"product","link":"https:\/\/limunstudio.hr\/en\/product\/lutka-medo-ukras-za-bor\/","title":{"rendered":"Lutka \u2014 Medo ukras za bor"},"content":{"rendered":"","protected":false},"excerpt":{"rendered":"<p>Ru\u010dno izra\u0111ena lutka u Hrvatskoj. Dolazi sa \u0161pagom za vje\u0161anje.<\/p>","protected":false},"featured_media":14608,"template":"","meta":{"_seopress_robots_primary_cat":"none","_seopress_titles_title":"","_seopress_titles_desc":"","_seopress_robots_index":"","iawp_total_views":0},"product_brand":[308],"product_cat":[212,120,213,119],"product_tag":[],"class_list":{"0":"post-6625","1":"product","2":"type-product","3":"status-publish","4":"has-post-thumbnail","6":"product_brand-sovica","7":"product_cat-bozic","8":"product_cat-lutke","9":"product_cat-ukrasi-za-bor-bozic","10":"product_cat-zabava","12":"first","13":"instock","14":"taxable","15":"shipping-taxable","16":"purchasable","17":"product-type-simple"},"_links":{"self":[{"href":"https:\/\/limunstudio.hr\/en\/wp-json\/wp\/v2\/product\/6625","targetHints":{"allow":["GET"]}}],"collection":[{"href":"https:\/\/limunstudio.hr\/en\/wp-json\/wp\/v2\/product"}],"about":[{"href":"https:\/\/limunstudio.hr\/en\/wp-json\/wp\/v2\/types\/product"}],"version-history":[{"count":3,"href":"https:\/\/limunstudio.hr\/en\/wp-json\/wp\/v2\/product\/6625\/revisions"}],"predecessor-version":[{"id":13474,"href":"https:\/\/limunstudio.hr\/en\/wp-json\/wp\/v2\/product\/6625\/revisions\/13474"}],"wp:featuredmedia":[{"embeddable":true,"href":"https:\/\/limunstudio.hr\/en\/wp-json\/wp\/v2\/media\/14608"}],"wp:attachment":[{"href":"https:\/\/limunstudio.hr\/en\/wp-json\/wp\/v2\/media?parent=6625"}],"wp:term":[{"taxonomy":"product_brand","embeddable":true,"href":"https:\/\/limunstudio.hr\/en\/wp-json\/wp\/v2\/product_brand?post=6625"},{"taxonomy":"product_cat","embeddable":true,"href":"https:\/\/limunstudio.hr\/en\/wp-json\/wp\/v2\/product_cat?post=6625"},{"taxonomy":"product_tag","embeddable":true,"href":"https:\/\/limunstudio.hr\/en\/wp-json\/wp\/v2\/product_tag?post=6625"}],"curies":[{"name":"wp","href":"https:\/\/api.w.org\/{rel}","templated":true}]}}