{"id":6621,"date":"2026-01-05T16:00:39","date_gmt":"2026-01-05T16:00:39","guid":{"rendered":"https:\/\/limunstudio.hr\/?post_type=product&#038;p=6621"},"modified":"2026-04-27T23:10:00","modified_gmt":"2026-04-27T21:10:00","slug":"lutka-pingvin-2","status":"publish","type":"product","link":"https:\/\/limunstudio.hr\/en\/product\/lutka-pingvin-2\/","title":{"rendered":"Lutka \u2014 Pingvin"},"content":{"rendered":"","protected":false},"excerpt":{"rendered":"<p data-start=\"70\" data-end=\"182\">Svaka lutka je ru\u010dno izra\u0111ena u Hrvatskoj. Zbog raznolikosti izrade, lutke se mogu razlikovati u boji tkanine. U slu\u010daju da dostupna lutka odstupa od prikazane na slici, kontaktirat \u0107emo vas i ponuditi raspolo\u017eive varijante boja.<\/p>","protected":false},"featured_media":9749,"template":"","meta":{"_seopress_robots_primary_cat":"none","_seopress_titles_title":"","_seopress_titles_desc":"","_seopress_robots_index":"","iawp_total_views":1},"product_brand":[308],"product_cat":[120,119],"product_tag":[],"class_list":{"0":"post-6621","1":"product","2":"type-product","3":"status-publish","4":"has-post-thumbnail","6":"product_brand-sovica","7":"product_cat-lutke","8":"product_cat-zabava","10":"first","11":"instock","12":"taxable","13":"shipping-taxable","14":"purchasable","15":"product-type-simple"},"_links":{"self":[{"href":"https:\/\/limunstudio.hr\/en\/wp-json\/wp\/v2\/product\/6621","targetHints":{"allow":["GET"]}}],"collection":[{"href":"https:\/\/limunstudio.hr\/en\/wp-json\/wp\/v2\/product"}],"about":[{"href":"https:\/\/limunstudio.hr\/en\/wp-json\/wp\/v2\/types\/product"}],"version-history":[{"count":2,"href":"https:\/\/limunstudio.hr\/en\/wp-json\/wp\/v2\/product\/6621\/revisions"}],"predecessor-version":[{"id":13470,"href":"https:\/\/limunstudio.hr\/en\/wp-json\/wp\/v2\/product\/6621\/revisions\/13470"}],"wp:featuredmedia":[{"embeddable":true,"href":"https:\/\/limunstudio.hr\/en\/wp-json\/wp\/v2\/media\/9749"}],"wp:attachment":[{"href":"https:\/\/limunstudio.hr\/en\/wp-json\/wp\/v2\/media?parent=6621"}],"wp:term":[{"taxonomy":"product_brand","embeddable":true,"href":"https:\/\/limunstudio.hr\/en\/wp-json\/wp\/v2\/product_brand?post=6621"},{"taxonomy":"product_cat","embeddable":true,"href":"https:\/\/limunstudio.hr\/en\/wp-json\/wp\/v2\/product_cat?post=6621"},{"taxonomy":"product_tag","embeddable":true,"href":"https:\/\/limunstudio.hr\/en\/wp-json\/wp\/v2\/product_tag?post=6621"}],"curies":[{"name":"wp","href":"https:\/\/api.w.org\/{rel}","templated":true}]}}