{"id":6313,"date":"2026-01-04T21:24:21","date_gmt":"2026-01-04T21:24:21","guid":{"rendered":"https:\/\/limunstudio.hr\/?post_type=product&#038;p=6313"},"modified":"2026-04-08T14:31:49","modified_gmt":"2026-04-08T14:31:49","slug":"ilustracija-cakule-ne-cine-fritule","status":"publish","type":"product","link":"https:\/\/limunstudio.hr\/en\/product\/ilustracija-cakule-ne-cine-fritule\/","title":{"rendered":"Ilustracija \u2014 \u0106akule ne \u010dine fritule"},"content":{"rendered":"","protected":false},"excerpt":{"rendered":"<p>Prodaje se bez okvira. U dvije veli\u010dine. Proizvedeno u Hrvatskoj.<\/p>","protected":false},"featured_media":9310,"template":"","meta":{"_seopress_robots_primary_cat":"none","_seopress_titles_title":"","_seopress_titles_desc":"","_seopress_robots_index":"","iawp_total_views":1},"product_brand":[307],"product_cat":[93,57],"product_tag":[],"class_list":{"0":"post-6313","1":"product","2":"type-product","3":"status-publish","4":"has-post-thumbnail","6":"product_brand-mateja-kovac","7":"product_cat-ilustracije","8":"product_cat-zidni-dekor","10":"first","11":"instock","12":"taxable","13":"shipping-taxable","14":"purchasable","15":"product-type-variable"},"_links":{"self":[{"href":"https:\/\/limunstudio.hr\/en\/wp-json\/wp\/v2\/product\/6313","targetHints":{"allow":["GET"]}}],"collection":[{"href":"https:\/\/limunstudio.hr\/en\/wp-json\/wp\/v2\/product"}],"about":[{"href":"https:\/\/limunstudio.hr\/en\/wp-json\/wp\/v2\/types\/product"}],"version-history":[{"count":2,"href":"https:\/\/limunstudio.hr\/en\/wp-json\/wp\/v2\/product\/6313\/revisions"}],"predecessor-version":[{"id":13651,"href":"https:\/\/limunstudio.hr\/en\/wp-json\/wp\/v2\/product\/6313\/revisions\/13651"}],"wp:featuredmedia":[{"embeddable":true,"href":"https:\/\/limunstudio.hr\/en\/wp-json\/wp\/v2\/media\/9310"}],"wp:attachment":[{"href":"https:\/\/limunstudio.hr\/en\/wp-json\/wp\/v2\/media?parent=6313"}],"wp:term":[{"taxonomy":"product_brand","embeddable":true,"href":"https:\/\/limunstudio.hr\/en\/wp-json\/wp\/v2\/product_brand?post=6313"},{"taxonomy":"product_cat","embeddable":true,"href":"https:\/\/limunstudio.hr\/en\/wp-json\/wp\/v2\/product_cat?post=6313"},{"taxonomy":"product_tag","embeddable":true,"href":"https:\/\/limunstudio.hr\/en\/wp-json\/wp\/v2\/product_tag?post=6313"}],"curies":[{"name":"wp","href":"https:\/\/api.w.org\/{rel}","templated":true}]}}