{"id":6081,"date":"2026-01-02T12:32:50","date_gmt":"2026-01-02T12:32:50","guid":{"rendered":"https:\/\/limunstudio.hr\/?post_type=product&#038;p=6081"},"modified":"2026-04-30T09:41:25","modified_gmt":"2026-04-30T07:41:25","slug":"reprodukcija-45","status":"publish","type":"product","link":"https:\/\/limunstudio.hr\/en\/product\/reprodukcija-45\/","title":{"rendered":"Reprodukcija \u2014 Fairytale"},"content":{"rendered":"","protected":false},"excerpt":{"rendered":"<p class=\"isSelectedEnd\">Radovi Jasmine Kosanovi\u0107 nastaju iz \u017eelje da u svijet po\u0161alje vi\u0161e nje\u017enosti, ma\u0161te i ljepote. Kroz crte\u017e stvara bajkovite, intimne prizore u kojima se susre\u0107u snovi, priroda i emocije.<\/p>\n<p><strong>Napomena:<\/strong> Ovaj proizvod je reprodukcija originalnog rada.<\/p>","protected":false},"featured_media":9074,"template":"","meta":{"_seopress_robots_primary_cat":"none","_seopress_titles_title":"","_seopress_titles_desc":"","_seopress_robots_index":"","iawp_total_views":0},"product_brand":[306],"product_cat":[91,57],"product_tag":[],"class_list":{"0":"post-6081","1":"product","2":"type-product","3":"status-publish","4":"has-post-thumbnail","6":"product_brand-jasmina-kosanovic","7":"product_cat-reprodukcije","8":"product_cat-zidni-dekor","10":"first","11":"instock","12":"taxable","13":"shipping-taxable","14":"purchasable","15":"product-type-variable"},"_links":{"self":[{"href":"https:\/\/limunstudio.hr\/en\/wp-json\/wp\/v2\/product\/6081","targetHints":{"allow":["GET"]}}],"collection":[{"href":"https:\/\/limunstudio.hr\/en\/wp-json\/wp\/v2\/product"}],"about":[{"href":"https:\/\/limunstudio.hr\/en\/wp-json\/wp\/v2\/types\/product"}],"version-history":[{"count":6,"href":"https:\/\/limunstudio.hr\/en\/wp-json\/wp\/v2\/product\/6081\/revisions"}],"predecessor-version":[{"id":14470,"href":"https:\/\/limunstudio.hr\/en\/wp-json\/wp\/v2\/product\/6081\/revisions\/14470"}],"wp:featuredmedia":[{"embeddable":true,"href":"https:\/\/limunstudio.hr\/en\/wp-json\/wp\/v2\/media\/9074"}],"wp:attachment":[{"href":"https:\/\/limunstudio.hr\/en\/wp-json\/wp\/v2\/media?parent=6081"}],"wp:term":[{"taxonomy":"product_brand","embeddable":true,"href":"https:\/\/limunstudio.hr\/en\/wp-json\/wp\/v2\/product_brand?post=6081"},{"taxonomy":"product_cat","embeddable":true,"href":"https:\/\/limunstudio.hr\/en\/wp-json\/wp\/v2\/product_cat?post=6081"},{"taxonomy":"product_tag","embeddable":true,"href":"https:\/\/limunstudio.hr\/en\/wp-json\/wp\/v2\/product_tag?post=6081"}],"curies":[{"name":"wp","href":"https:\/\/api.w.org\/{rel}","templated":true}]}}