{"id":5733,"date":"2025-12-24T09:16:30","date_gmt":"2025-12-24T09:16:30","guid":{"rendered":"https:\/\/limunstudio.hr\/?post_type=product&#038;p=5733"},"modified":"2026-05-03T12:09:15","modified_gmt":"2026-05-03T10:09:15","slug":"salica-espresso-speckle","status":"publish","type":"product","link":"https:\/\/limunstudio.hr\/en\/product\/salica-espresso-speckle\/","title":{"rendered":"\u0160alica espresso \u2014 SPECKLE"},"content":{"rendered":"","protected":false},"excerpt":{"rendered":"<p>Zbog ru\u010dne izrade mogu\u0107e su sitne razlike u detaljima. Pogodna je za svakodnevnu upotrebu i sigurno se mo\u017ee prati u perilici. Proizvedeno u Hrvatskoj.<\/p>","protected":false},"featured_media":9910,"template":"","meta":{"_seopress_robots_primary_cat":"none","_seopress_titles_title":"","_seopress_titles_desc":"","_seopress_robots_index":"","iawp_total_views":0},"product_brand":[299],"product_cat":[148,287,155,159],"product_tag":[],"class_list":{"0":"post-5733","1":"product","2":"type-product","3":"status-publish","4":"has-post-thumbnail","6":"product_brand-sunspot","7":"product_cat-dom","8":"product_cat-espresso","9":"product_cat-kuhinja","10":"product_cat-salice","12":"first","13":"instock","14":"taxable","15":"shipping-taxable","16":"purchasable","17":"product-type-variable"},"_links":{"self":[{"href":"https:\/\/limunstudio.hr\/en\/wp-json\/wp\/v2\/product\/5733","targetHints":{"allow":["GET"]}}],"collection":[{"href":"https:\/\/limunstudio.hr\/en\/wp-json\/wp\/v2\/product"}],"about":[{"href":"https:\/\/limunstudio.hr\/en\/wp-json\/wp\/v2\/types\/product"}],"version-history":[{"count":4,"href":"https:\/\/limunstudio.hr\/en\/wp-json\/wp\/v2\/product\/5733\/revisions"}],"predecessor-version":[{"id":13461,"href":"https:\/\/limunstudio.hr\/en\/wp-json\/wp\/v2\/product\/5733\/revisions\/13461"}],"wp:featuredmedia":[{"embeddable":true,"href":"https:\/\/limunstudio.hr\/en\/wp-json\/wp\/v2\/media\/9910"}],"wp:attachment":[{"href":"https:\/\/limunstudio.hr\/en\/wp-json\/wp\/v2\/media?parent=5733"}],"wp:term":[{"taxonomy":"product_brand","embeddable":true,"href":"https:\/\/limunstudio.hr\/en\/wp-json\/wp\/v2\/product_brand?post=5733"},{"taxonomy":"product_cat","embeddable":true,"href":"https:\/\/limunstudio.hr\/en\/wp-json\/wp\/v2\/product_cat?post=5733"},{"taxonomy":"product_tag","embeddable":true,"href":"https:\/\/limunstudio.hr\/en\/wp-json\/wp\/v2\/product_tag?post=5733"}],"curies":[{"name":"wp","href":"https:\/\/api.w.org\/{rel}","templated":true}]}}