{"id":5731,"date":"2025-12-24T09:15:30","date_gmt":"2025-12-24T09:15:30","guid":{"rendered":"https:\/\/limunstudio.hr\/?post_type=product&#038;p=5731"},"modified":"2026-04-24T15:01:30","modified_gmt":"2026-04-24T13:01:30","slug":"salica-latte-speckle","status":"publish","type":"product","link":"https:\/\/limunstudio.hr\/en\/product\/salica-latte-speckle\/","title":{"rendered":"\u0160alica latte \u2014 SPECKLE"},"content":{"rendered":"","protected":false},"excerpt":{"rendered":"<p>Zbog ru\u010dne izrade mogu\u0107e su sitne razlike u detaljima. Pogodna je za svakodnevnu upotrebu i sigurno se mo\u017ee prati u perilici. Proizvedeno u Hrvatskoj.<\/p>","protected":false},"featured_media":11102,"template":"","meta":{"_seopress_robots_primary_cat":"none","_seopress_titles_title":"","_seopress_titles_desc":"","_seopress_robots_index":"","iawp_total_views":3},"product_brand":[299],"product_cat":[148,155,291,159],"product_tag":[],"class_list":{"0":"post-5731","1":"product","2":"type-product","3":"status-publish","4":"has-post-thumbnail","6":"product_brand-sunspot","7":"product_cat-dom","8":"product_cat-kuhinja","9":"product_cat-latte","10":"product_cat-salice","12":"first","13":"onbackorder","14":"taxable","15":"shipping-taxable","16":"purchasable","17":"product-type-variable"},"_links":{"self":[{"href":"https:\/\/limunstudio.hr\/en\/wp-json\/wp\/v2\/product\/5731","targetHints":{"allow":["GET"]}}],"collection":[{"href":"https:\/\/limunstudio.hr\/en\/wp-json\/wp\/v2\/product"}],"about":[{"href":"https:\/\/limunstudio.hr\/en\/wp-json\/wp\/v2\/types\/product"}],"version-history":[{"count":5,"href":"https:\/\/limunstudio.hr\/en\/wp-json\/wp\/v2\/product\/5731\/revisions"}],"predecessor-version":[{"id":14282,"href":"https:\/\/limunstudio.hr\/en\/wp-json\/wp\/v2\/product\/5731\/revisions\/14282"}],"wp:featuredmedia":[{"embeddable":true,"href":"https:\/\/limunstudio.hr\/en\/wp-json\/wp\/v2\/media\/11102"}],"wp:attachment":[{"href":"https:\/\/limunstudio.hr\/en\/wp-json\/wp\/v2\/media?parent=5731"}],"wp:term":[{"taxonomy":"product_brand","embeddable":true,"href":"https:\/\/limunstudio.hr\/en\/wp-json\/wp\/v2\/product_brand?post=5731"},{"taxonomy":"product_cat","embeddable":true,"href":"https:\/\/limunstudio.hr\/en\/wp-json\/wp\/v2\/product_cat?post=5731"},{"taxonomy":"product_tag","embeddable":true,"href":"https:\/\/limunstudio.hr\/en\/wp-json\/wp\/v2\/product_tag?post=5731"}],"curies":[{"name":"wp","href":"https:\/\/api.w.org\/{rel}","templated":true}]}}