{"id":5702,"date":"2025-12-20T07:21:59","date_gmt":"2025-12-20T07:21:59","guid":{"rendered":"https:\/\/limunstudio.hr\/?post_type=product&#038;p=5702"},"modified":"2026-04-22T08:56:21","modified_gmt":"2026-04-22T08:56:21","slug":"salica-ivka","status":"publish","type":"product","link":"https:\/\/limunstudio.hr\/en\/product\/salica-ivka\/","title":{"rendered":"\u0160alica \u2014 IVKA"},"content":{"rendered":"","protected":false},"excerpt":{"rendered":"<p>Ru\u010dno oslikana \u0161alica Rosita. \u0160alica mo\u017ee minimalno odstupati od prikaza na slici zato \u0161to je svaka ru\u010dni rad.<\/p>","protected":false},"featured_media":9828,"template":"","meta":{"_seopress_robots_primary_cat":"none","_seopress_titles_title":"","_seopress_titles_desc":"","_seopress_robots_index":"","iawp_total_views":1},"product_brand":[286],"product_cat":[148,155,291,159],"product_tag":[],"class_list":{"0":"post-5702","1":"product","2":"type-product","3":"status-publish","4":"has-post-thumbnail","6":"product_brand-la-rosa","7":"product_cat-dom","8":"product_cat-kuhinja","9":"product_cat-latte","10":"product_cat-salice","12":"first","13":"outofstock","14":"taxable","15":"shipping-taxable","16":"purchasable","17":"product-type-simple"},"_links":{"self":[{"href":"https:\/\/limunstudio.hr\/en\/wp-json\/wp\/v2\/product\/5702","targetHints":{"allow":["GET"]}}],"collection":[{"href":"https:\/\/limunstudio.hr\/en\/wp-json\/wp\/v2\/product"}],"about":[{"href":"https:\/\/limunstudio.hr\/en\/wp-json\/wp\/v2\/types\/product"}],"version-history":[{"count":3,"href":"https:\/\/limunstudio.hr\/en\/wp-json\/wp\/v2\/product\/5702\/revisions"}],"predecessor-version":[{"id":5727,"href":"https:\/\/limunstudio.hr\/en\/wp-json\/wp\/v2\/product\/5702\/revisions\/5727"}],"wp:featuredmedia":[{"embeddable":true,"href":"https:\/\/limunstudio.hr\/en\/wp-json\/wp\/v2\/media\/9828"}],"wp:attachment":[{"href":"https:\/\/limunstudio.hr\/en\/wp-json\/wp\/v2\/media?parent=5702"}],"wp:term":[{"taxonomy":"product_brand","embeddable":true,"href":"https:\/\/limunstudio.hr\/en\/wp-json\/wp\/v2\/product_brand?post=5702"},{"taxonomy":"product_cat","embeddable":true,"href":"https:\/\/limunstudio.hr\/en\/wp-json\/wp\/v2\/product_cat?post=5702"},{"taxonomy":"product_tag","embeddable":true,"href":"https:\/\/limunstudio.hr\/en\/wp-json\/wp\/v2\/product_tag?post=5702"}],"curies":[{"name":"wp","href":"https:\/\/api.w.org\/{rel}","templated":true}]}}