{"id":5691,"date":"2025-12-18T08:32:15","date_gmt":"2025-12-18T08:32:15","guid":{"rendered":"https:\/\/limunstudio.hr\/?post_type=product&#038;p=5691"},"modified":"2026-04-24T15:54:03","modified_gmt":"2026-04-24T13:54:03","slug":"salica-lila-macchiato","status":"publish","type":"product","link":"https:\/\/limunstudio.hr\/en\/product\/salica-lila-macchiato\/","title":{"rendered":"\u0160alica macchiato \u2014 LILA"},"content":{"rendered":"","protected":false},"excerpt":{"rendered":"<p>Ru\u010dno izra\u0111ena \u0161alica, a svaki primjerak je unikatan. Pogodna je za svakodnevnu upotrebu i sigurno se mo\u017ee prati u perilici. Proizvedeno u Hrvatskoj. Zbog ru\u010dne izrade mogu\u0107e su manje razlike u detaljima, posebno u boji, zbog ru\u010dnog mije\u0161anja.<\/p>","protected":false},"featured_media":11571,"template":"","meta":{"_seopress_robots_primary_cat":"none","_seopress_titles_title":"","_seopress_titles_desc":"","_seopress_robots_index":"","iawp_total_views":5},"product_brand":[288],"product_cat":[148,155,290,159],"product_tag":[],"class_list":{"0":"post-5691","1":"product","2":"type-product","3":"status-publish","4":"has-post-thumbnail","6":"product_brand-lila","7":"product_cat-dom","8":"product_cat-kuhinja","9":"product_cat-macchiato","10":"product_cat-salice","12":"first","13":"instock","14":"taxable","15":"shipping-taxable","16":"purchasable","17":"product-type-variable"},"_links":{"self":[{"href":"https:\/\/limunstudio.hr\/en\/wp-json\/wp\/v2\/product\/5691","targetHints":{"allow":["GET"]}}],"collection":[{"href":"https:\/\/limunstudio.hr\/en\/wp-json\/wp\/v2\/product"}],"about":[{"href":"https:\/\/limunstudio.hr\/en\/wp-json\/wp\/v2\/types\/product"}],"version-history":[{"count":5,"href":"https:\/\/limunstudio.hr\/en\/wp-json\/wp\/v2\/product\/5691\/revisions"}],"predecessor-version":[{"id":12637,"href":"https:\/\/limunstudio.hr\/en\/wp-json\/wp\/v2\/product\/5691\/revisions\/12637"}],"wp:featuredmedia":[{"embeddable":true,"href":"https:\/\/limunstudio.hr\/en\/wp-json\/wp\/v2\/media\/11571"}],"wp:attachment":[{"href":"https:\/\/limunstudio.hr\/en\/wp-json\/wp\/v2\/media?parent=5691"}],"wp:term":[{"taxonomy":"product_brand","embeddable":true,"href":"https:\/\/limunstudio.hr\/en\/wp-json\/wp\/v2\/product_brand?post=5691"},{"taxonomy":"product_cat","embeddable":true,"href":"https:\/\/limunstudio.hr\/en\/wp-json\/wp\/v2\/product_cat?post=5691"},{"taxonomy":"product_tag","embeddable":true,"href":"https:\/\/limunstudio.hr\/en\/wp-json\/wp\/v2\/product_tag?post=5691"}],"curies":[{"name":"wp","href":"https:\/\/api.w.org\/{rel}","templated":true}]}}