{"id":5608,"date":"2025-12-17T20:51:48","date_gmt":"2025-12-17T20:51:48","guid":{"rendered":"https:\/\/limunstudio.hr\/?post_type=product&#038;p=5608"},"modified":"2026-04-22T08:41:53","modified_gmt":"2026-04-22T08:41:53","slug":"skulpturalna-svijeca-the-griffon-vulture","status":"publish","type":"product","link":"https:\/\/limunstudio.hr\/en\/product\/skulpturalna-svijeca-the-griffon-vulture\/","title":{"rendered":"Skulpturalna svije\u0107a \u2014 THE GRIFFON VULTURE"},"content":{"rendered":"","protected":false},"excerpt":{"rendered":"<p>Skulpturalna svije\u0107a oblikovana je budnim i okretnim zecem kojeg se mo\u017ee na\u0107i po hrvatskim poljima i \u0161umama. Jedinstvene skulpturalne svije\u0107e koje su istovremeno umjetni\u010dki objekt i funkcionalni izvor svjetla. Svije\u0107e su ru\u010dno izra\u0111ene koriste\u0107i 100% biljni vosak (sojin ili repi\u010din) i 100% pamu\u010dne fitilje, bez dodataka i mirisa, \u0161to ih \u010dini ekolo\u0161ki prihvatljivim i zdravim izborom. Ru\u010dno izra\u0111ena u Hrvatskoj. \u00a0Sporo izra\u0111eno tradicionalnim kiparstvom i modernim tehnikama.<\/p>\n<p><span dir=\"auto\">Vrijeme gorenja:<\/span> <span dir=\"auto\">40 sati. <\/span><\/p>","protected":false},"featured_media":5609,"template":"","meta":{"_seopress_robots_primary_cat":"none","_seopress_titles_title":"","_seopress_titles_desc":"","_seopress_robots_index":"","iawp_total_views":0},"product_brand":[344],"product_cat":[179,157],"product_tag":[],"class_list":{"0":"post-5608","1":"product","2":"type-product","3":"status-publish","4":"has-post-thumbnail","6":"product_brand-upcandle","7":"product_cat-skulpturalne-svijece","8":"product_cat-svijece-i-mirisi","10":"first","11":"instock","12":"taxable","13":"shipping-taxable","14":"purchasable","15":"product-type-simple"},"_links":{"self":[{"href":"https:\/\/limunstudio.hr\/en\/wp-json\/wp\/v2\/product\/5608","targetHints":{"allow":["GET"]}}],"collection":[{"href":"https:\/\/limunstudio.hr\/en\/wp-json\/wp\/v2\/product"}],"about":[{"href":"https:\/\/limunstudio.hr\/en\/wp-json\/wp\/v2\/types\/product"}],"version-history":[{"count":2,"href":"https:\/\/limunstudio.hr\/en\/wp-json\/wp\/v2\/product\/5608\/revisions"}],"predecessor-version":[{"id":10570,"href":"https:\/\/limunstudio.hr\/en\/wp-json\/wp\/v2\/product\/5608\/revisions\/10570"}],"wp:featuredmedia":[{"embeddable":true,"href":"https:\/\/limunstudio.hr\/en\/wp-json\/wp\/v2\/media\/5609"}],"wp:attachment":[{"href":"https:\/\/limunstudio.hr\/en\/wp-json\/wp\/v2\/media?parent=5608"}],"wp:term":[{"taxonomy":"product_brand","embeddable":true,"href":"https:\/\/limunstudio.hr\/en\/wp-json\/wp\/v2\/product_brand?post=5608"},{"taxonomy":"product_cat","embeddable":true,"href":"https:\/\/limunstudio.hr\/en\/wp-json\/wp\/v2\/product_cat?post=5608"},{"taxonomy":"product_tag","embeddable":true,"href":"https:\/\/limunstudio.hr\/en\/wp-json\/wp\/v2\/product_tag?post=5608"}],"curies":[{"name":"wp","href":"https:\/\/api.w.org\/{rel}","templated":true}]}}