{"id":5553,"date":"2025-12-17T17:26:30","date_gmt":"2025-12-17T17:26:30","guid":{"rendered":"https:\/\/limunstudio.hr\/?post_type=product&#038;p=5553"},"modified":"2026-04-09T10:24:46","modified_gmt":"2026-04-09T10:24:46","slug":"dozer-za-caj-tramvajski-broj","status":"publish","type":"product","link":"https:\/\/limunstudio.hr\/en\/product\/dozer-za-caj-tramvajski-broj\/","title":{"rendered":"Dozer za \u010daj  \u2014 Tramvajski broj"},"content":{"rendered":"","protected":false},"excerpt":{"rendered":"<p class=\"isSelectedEnd\">Cjedilo za \u010daj dolazi s malim kerami\u010dkim privjeskom veli\u010dine pribli\u017eno 2\u20133 cm. Svaki privjesak je ru\u010dni rad.<\/p>","protected":false},"featured_media":10955,"template":"","meta":{"_seopress_robots_primary_cat":"none","_seopress_titles_title":"","_seopress_titles_desc":"","_seopress_robots_index":"","iawp_total_views":0},"product_brand":[340],"product_cat":[169,148,155],"product_tag":[],"class_list":{"0":"post-5553","1":"product","2":"type-product","3":"status-publish","4":"has-post-thumbnail","6":"product_brand-editammyh","7":"product_cat-cjedila","8":"product_cat-dom","9":"product_cat-kuhinja","10":"pa_kolekcija-zagreb-line","12":"first","13":"instock","14":"taxable","15":"shipping-taxable","16":"purchasable","17":"product-type-variable"},"_links":{"self":[{"href":"https:\/\/limunstudio.hr\/en\/wp-json\/wp\/v2\/product\/5553","targetHints":{"allow":["GET"]}}],"collection":[{"href":"https:\/\/limunstudio.hr\/en\/wp-json\/wp\/v2\/product"}],"about":[{"href":"https:\/\/limunstudio.hr\/en\/wp-json\/wp\/v2\/types\/product"}],"version-history":[{"count":4,"href":"https:\/\/limunstudio.hr\/en\/wp-json\/wp\/v2\/product\/5553\/revisions"}],"predecessor-version":[{"id":13720,"href":"https:\/\/limunstudio.hr\/en\/wp-json\/wp\/v2\/product\/5553\/revisions\/13720"}],"wp:featuredmedia":[{"embeddable":true,"href":"https:\/\/limunstudio.hr\/en\/wp-json\/wp\/v2\/media\/10955"}],"wp:attachment":[{"href":"https:\/\/limunstudio.hr\/en\/wp-json\/wp\/v2\/media?parent=5553"}],"wp:term":[{"taxonomy":"product_brand","embeddable":true,"href":"https:\/\/limunstudio.hr\/en\/wp-json\/wp\/v2\/product_brand?post=5553"},{"taxonomy":"product_cat","embeddable":true,"href":"https:\/\/limunstudio.hr\/en\/wp-json\/wp\/v2\/product_cat?post=5553"},{"taxonomy":"product_tag","embeddable":true,"href":"https:\/\/limunstudio.hr\/en\/wp-json\/wp\/v2\/product_tag?post=5553"}],"curies":[{"name":"wp","href":"https:\/\/api.w.org\/{rel}","templated":true}]}}