{"id":5457,"date":"2025-12-14T09:59:09","date_gmt":"2025-12-14T09:59:09","guid":{"rendered":"https:\/\/limunstudio.hr\/?post_type=product&#038;p=5457"},"modified":"2026-04-08T13:15:56","modified_gmt":"2026-04-08T13:15:56","slug":"cestitka-bozicna-cizmica","status":"publish","type":"product","link":"https:\/\/limunstudio.hr\/en\/product\/cestitka-bozicna-cizmica\/","title":{"rendered":"\u010cestitka \u2014 Bo\u017ei\u0107na \u010dizmica"},"content":{"rendered":"","protected":false},"excerpt":{"rendered":"","protected":false},"featured_media":5371,"template":"","meta":{"_seopress_robots_primary_cat":"none","_seopress_titles_title":"","_seopress_titles_desc":"","_seopress_robots_index":"","iawp_total_views":0},"product_brand":[362],"product_cat":[212,215,195,149],"product_tag":[],"class_list":{"0":"post-5457","1":"product","2":"type-product","3":"status-publish","4":"has-post-thumbnail","6":"product_brand-mige","7":"product_cat-bozic","8":"product_cat-bozicne-cestitke","9":"product_cat-cestitke","10":"product_cat-papir","12":"first","13":"instock","14":"taxable","15":"shipping-taxable","16":"purchasable","17":"product-type-simple"},"_links":{"self":[{"href":"https:\/\/limunstudio.hr\/en\/wp-json\/wp\/v2\/product\/5457","targetHints":{"allow":["GET"]}}],"collection":[{"href":"https:\/\/limunstudio.hr\/en\/wp-json\/wp\/v2\/product"}],"about":[{"href":"https:\/\/limunstudio.hr\/en\/wp-json\/wp\/v2\/types\/product"}],"version-history":[{"count":1,"href":"https:\/\/limunstudio.hr\/en\/wp-json\/wp\/v2\/product\/5457\/revisions"}],"predecessor-version":[{"id":5458,"href":"https:\/\/limunstudio.hr\/en\/wp-json\/wp\/v2\/product\/5457\/revisions\/5458"}],"wp:featuredmedia":[{"embeddable":true,"href":"https:\/\/limunstudio.hr\/en\/wp-json\/wp\/v2\/media\/5371"}],"wp:attachment":[{"href":"https:\/\/limunstudio.hr\/en\/wp-json\/wp\/v2\/media?parent=5457"}],"wp:term":[{"taxonomy":"product_brand","embeddable":true,"href":"https:\/\/limunstudio.hr\/en\/wp-json\/wp\/v2\/product_brand?post=5457"},{"taxonomy":"product_cat","embeddable":true,"href":"https:\/\/limunstudio.hr\/en\/wp-json\/wp\/v2\/product_cat?post=5457"},{"taxonomy":"product_tag","embeddable":true,"href":"https:\/\/limunstudio.hr\/en\/wp-json\/wp\/v2\/product_tag?post=5457"}],"curies":[{"name":"wp","href":"https:\/\/api.w.org\/{rel}","templated":true}]}}