{"id":5339,"date":"2025-11-18T16:49:10","date_gmt":"2025-11-18T16:49:10","guid":{"rendered":"https:\/\/limunstudio.hr\/?post_type=product&#038;p=5339"},"modified":"2026-05-03T17:44:47","modified_gmt":"2026-05-03T15:44:47","slug":"porculanska-salica-macchiato","status":"publish","type":"product","link":"https:\/\/limunstudio.hr\/en\/product\/porculanska-salica-macchiato\/","title":{"rendered":"Porculanska \u0161alica macchiato \u2014 MAK"},"content":{"rendered":"","protected":false},"excerpt":{"rendered":"<p>Ru\u010dno ra\u0111ena porculanska \u0161alica. Svaka \u0161alica je unikatan komad, puno laganija i tanja od keramike, ali i \u010dvr\u0161\u0107a zbog pe\u010denja na visokim temperaturama. Mo\u017ee se normalno koristiti i prati u perilici. Proizvedeno u Hrvatskoj.<br \/>\n<strong>Napomena:<\/strong> Zbog ru\u010dne izrade mogu\u0107e su manje razlike u detaljima.<\/p>","protected":false},"featured_media":10848,"template":"","meta":{"_seopress_robots_primary_cat":"none","_seopress_titles_title":"","_seopress_titles_desc":"","_seopress_robots_index":"","iawp_total_views":0},"product_brand":[301],"product_cat":[148,290,159],"product_tag":[],"class_list":{"0":"post-5339","1":"product","2":"type-product","3":"status-publish","4":"has-post-thumbnail","6":"product_brand-mak","7":"product_cat-dom","8":"product_cat-macchiato","9":"product_cat-salice","10":"pa_autor-mak-melcher","12":"first","13":"instock","14":"taxable","15":"shipping-taxable","16":"purchasable","17":"product-type-variable"},"_links":{"self":[{"href":"https:\/\/limunstudio.hr\/en\/wp-json\/wp\/v2\/product\/5339","targetHints":{"allow":["GET"]}}],"collection":[{"href":"https:\/\/limunstudio.hr\/en\/wp-json\/wp\/v2\/product"}],"about":[{"href":"https:\/\/limunstudio.hr\/en\/wp-json\/wp\/v2\/types\/product"}],"version-history":[{"count":6,"href":"https:\/\/limunstudio.hr\/en\/wp-json\/wp\/v2\/product\/5339\/revisions"}],"predecessor-version":[{"id":13659,"href":"https:\/\/limunstudio.hr\/en\/wp-json\/wp\/v2\/product\/5339\/revisions\/13659"}],"wp:featuredmedia":[{"embeddable":true,"href":"https:\/\/limunstudio.hr\/en\/wp-json\/wp\/v2\/media\/10848"}],"wp:attachment":[{"href":"https:\/\/limunstudio.hr\/en\/wp-json\/wp\/v2\/media?parent=5339"}],"wp:term":[{"taxonomy":"product_brand","embeddable":true,"href":"https:\/\/limunstudio.hr\/en\/wp-json\/wp\/v2\/product_brand?post=5339"},{"taxonomy":"product_cat","embeddable":true,"href":"https:\/\/limunstudio.hr\/en\/wp-json\/wp\/v2\/product_cat?post=5339"},{"taxonomy":"product_tag","embeddable":true,"href":"https:\/\/limunstudio.hr\/en\/wp-json\/wp\/v2\/product_tag?post=5339"}],"curies":[{"name":"wp","href":"https:\/\/api.w.org\/{rel}","templated":true}]}}