{"id":5298,"date":"2025-11-18T16:37:58","date_gmt":"2025-11-18T16:37:58","guid":{"rendered":"https:\/\/limunstudio.hr\/?post_type=product&#038;p=5298"},"modified":"2026-05-02T09:42:39","modified_gmt":"2026-05-02T07:42:39","slug":"ribez-tanjur-za-povrce-3","status":"publish","type":"product","link":"https:\/\/limunstudio.hr\/en\/product\/ribez-tanjur-za-povrce-3\/","title":{"rendered":"Ribe\u017e tanjur za povr\u0107e \u2014 3"},"content":{"rendered":"","protected":false},"excerpt":{"rendered":"<p>Ribe\u017e tanjur prakti\u010dan je kuhinjski dodatak za jednostavno ribanje \u010de\u0161njaka, \u0111umbira, mu\u0161katnog ora\u0161\u010di\u0107a, tvrdog sira, korice limuna ili za\u010dina. Zahvaljuju\u0107i hrapavoj povr\u0161ini u sredini tanjura, namirnice se brzo i lako usitnjavaju, a mogu se odmah pomije\u0161ati s maslinovim uljem, limunovim sokom ili za\u010dinima te poslu\u017eiti direktno na tanjuru.<\/p>","protected":false},"featured_media":10841,"template":"","meta":{"_seopress_robots_primary_cat":"none","_seopress_titles_title":"","_seopress_titles_desc":"","_seopress_robots_index":"","iawp_total_views":0},"product_brand":[],"product_cat":[155,170],"product_tag":[],"class_list":{"0":"post-5298","1":"product","2":"type-product","3":"status-publish","4":"has-post-thumbnail","6":"product_cat-kuhinja","7":"product_cat-ribezi","9":"first","10":"instock","11":"taxable","12":"shipping-taxable","13":"purchasable","14":"product-type-simple"},"_links":{"self":[{"href":"https:\/\/limunstudio.hr\/en\/wp-json\/wp\/v2\/product\/5298","targetHints":{"allow":["GET"]}}],"collection":[{"href":"https:\/\/limunstudio.hr\/en\/wp-json\/wp\/v2\/product"}],"about":[{"href":"https:\/\/limunstudio.hr\/en\/wp-json\/wp\/v2\/types\/product"}],"version-history":[{"count":2,"href":"https:\/\/limunstudio.hr\/en\/wp-json\/wp\/v2\/product\/5298\/revisions"}],"predecessor-version":[{"id":14824,"href":"https:\/\/limunstudio.hr\/en\/wp-json\/wp\/v2\/product\/5298\/revisions\/14824"}],"wp:featuredmedia":[{"embeddable":true,"href":"https:\/\/limunstudio.hr\/en\/wp-json\/wp\/v2\/media\/10841"}],"wp:attachment":[{"href":"https:\/\/limunstudio.hr\/en\/wp-json\/wp\/v2\/media?parent=5298"}],"wp:term":[{"taxonomy":"product_brand","embeddable":true,"href":"https:\/\/limunstudio.hr\/en\/wp-json\/wp\/v2\/product_brand?post=5298"},{"taxonomy":"product_cat","embeddable":true,"href":"https:\/\/limunstudio.hr\/en\/wp-json\/wp\/v2\/product_cat?post=5298"},{"taxonomy":"product_tag","embeddable":true,"href":"https:\/\/limunstudio.hr\/en\/wp-json\/wp\/v2\/product_tag?post=5298"}],"curies":[{"name":"wp","href":"https:\/\/api.w.org\/{rel}","templated":true}]}}