{"id":5289,"date":"2025-11-18T14:41:26","date_gmt":"2025-11-18T14:41:26","guid":{"rendered":"https:\/\/limunstudio.hr\/?post_type=product&#038;p=5289"},"modified":"2026-04-11T21:16:47","modified_gmt":"2026-04-11T21:16:47","slug":"keramicki-kucni-broj-1-rub","status":"publish","type":"product","link":"https:\/\/limunstudio.hr\/en\/product\/keramicki-kucni-broj-1-rub\/","title":{"rendered":"Kerami\u010dki ku\u0107ni broj \u2014 Rub"},"content":{"rendered":"<p>&nbsp;<\/p>\n<p>&nbsp;<\/p>","protected":false},"excerpt":{"rendered":"<p>Jedan rub. Unikatni kerami\u010dki ku\u0107ni brojevi. Ru\u010dni rad hrvatskog kipara. Jednostavna monta\u017ea. Dimenzije jedne plo\u010dice su 6.5 x 14.5 cm<\/p>","protected":false},"featured_media":9572,"template":"","meta":{"_seopress_robots_primary_cat":"none","_seopress_titles_title":"","_seopress_titles_desc":"","_seopress_robots_index":"","iawp_total_views":0},"product_brand":[301],"product_cat":[148,176],"product_tag":[],"class_list":{"0":"post-5289","1":"product","2":"type-product","3":"status-publish","4":"has-post-thumbnail","6":"product_brand-mak","7":"product_cat-dom","8":"product_cat-kucni-brojevi","10":"first","11":"instock","12":"taxable","13":"shipping-taxable","14":"purchasable","15":"product-type-simple"},"_links":{"self":[{"href":"https:\/\/limunstudio.hr\/en\/wp-json\/wp\/v2\/product\/5289","targetHints":{"allow":["GET"]}}],"collection":[{"href":"https:\/\/limunstudio.hr\/en\/wp-json\/wp\/v2\/product"}],"about":[{"href":"https:\/\/limunstudio.hr\/en\/wp-json\/wp\/v2\/types\/product"}],"version-history":[{"count":5,"href":"https:\/\/limunstudio.hr\/en\/wp-json\/wp\/v2\/product\/5289\/revisions"}],"predecessor-version":[{"id":12686,"href":"https:\/\/limunstudio.hr\/en\/wp-json\/wp\/v2\/product\/5289\/revisions\/12686"}],"wp:featuredmedia":[{"embeddable":true,"href":"https:\/\/limunstudio.hr\/en\/wp-json\/wp\/v2\/media\/9572"}],"wp:attachment":[{"href":"https:\/\/limunstudio.hr\/en\/wp-json\/wp\/v2\/media?parent=5289"}],"wp:term":[{"taxonomy":"product_brand","embeddable":true,"href":"https:\/\/limunstudio.hr\/en\/wp-json\/wp\/v2\/product_brand?post=5289"},{"taxonomy":"product_cat","embeddable":true,"href":"https:\/\/limunstudio.hr\/en\/wp-json\/wp\/v2\/product_cat?post=5289"},{"taxonomy":"product_tag","embeddable":true,"href":"https:\/\/limunstudio.hr\/en\/wp-json\/wp\/v2\/product_tag?post=5289"}],"curies":[{"name":"wp","href":"https:\/\/api.w.org\/{rel}","templated":true}]}}